{"id":111,"date":"2025-12-10T18:24:08","date_gmt":"2025-12-10T18:24:08","guid":{"rendered":"https:\/\/realcompanhiavelha.pt\/?page_id=111"},"modified":"2025-12-16T18:34:01","modified_gmt":"2025-12-16T18:34:01","slug":"pdr-2020","status":"publish","type":"page","link":"https:\/\/realcompanhiavelha.pt\/en\/pdr-2020\/","title":{"rendered":"PDR 2020"},"content":{"rendered":"<div data-elementor-type=\"wp-page\" data-elementor-id=\"111\" class=\"elementor elementor-111\" data-elementor-post-type=\"page\">\n\t\t\t\t<div class=\"elementor-element elementor-element-a777116 e-flex e-con-boxed e-con e-parent\" data-id=\"a777116\" data-element_type=\"container\">\n\t\t\t\t\t<div class=\"e-con-inner\">\n\t\t<div class=\"elementor-element elementor-element-f11cdeb e-con-full e-flex e-con e-child\" data-id=\"f11cdeb\" data-element_type=\"container\">\n\t\t\t\t<div class=\"elementor-element elementor-element-0b6516b elementor-widget elementor-widget-image\" data-id=\"0b6516b\" data-element_type=\"widget\" data-widget_type=\"image.default\">\n\t\t\t\t\t\t\t\t\t\t\t\t\t\t\t<img fetchpriority=\"high\" decoding=\"async\" width=\"665\" height=\"101\" src=\"https:\/\/realcompanhiavelha.pt\/wp-content\/uploads\/2025\/12\/pdr2020.webp\" class=\"attachment-full size-full wp-image-1415\" alt=\"Imagem pdr 2020\" srcset=\"https:\/\/realcompanhiavelha.pt\/wp-content\/uploads\/2025\/12\/pdr2020.webp 665w, https:\/\/realcompanhiavelha.pt\/wp-content\/uploads\/2025\/12\/pdr2020-300x46.webp 300w\" sizes=\"(max-width: 665px) 100vw, 665px\" \/>\t\t\t\t\t\t\t\t\t\t\t\t\t\t\t<\/div>\n\t\t\t\t<\/div>\n\t\t<div class=\"elementor-element elementor-element-225aec3 e-con-full e-flex e-con e-child\" data-id=\"225aec3\" data-element_type=\"container\">\n\t\t\t\t<div class=\"elementor-element elementor-element-dae1c66 elementor-widget elementor-widget-heading\" data-id=\"dae1c66\" data-element_type=\"widget\" data-widget_type=\"heading.default\">\n\t\t\t\t\t<h2 class=\"elementor-heading-title elementor-size-default\">Ficha de Projeto<\/h2>\t\t\t\t<\/div>\n\t\t<div class=\"elementor-element elementor-element-94e2b31 e-con-full e-flex e-con e-child\" data-id=\"94e2b31\" data-element_type=\"container\">\n\t\t\t\t<div class=\"elementor-element elementor-element-05dee5c elementor-widget elementor-widget-text-editor\" data-id=\"05dee5c\" data-element_type=\"widget\" data-widget_type=\"text-editor.default\">\n\t\t\t\t\t\t\t\t\t<p>Designa\u00e7\u00e3o do Projecto | Capacita\u00e7\u00e3o tecnol\u00f3gica da explora\u00e7\u00e3o agr\u00edcola<\/p><p>C\u00f3digo do Projecto | PDR2020-3.2.1-FEADER-036104<\/p><p>Objectivo Principal | Promover a sustentabilidade econ\u00f3mica e ambiental, dotando a explora\u00e7\u00e3o de equipamentos<br \/>tecnologicamente mais evolu\u00eddos, que permitam uma optimiza\u00e7\u00e3o das opera\u00e7\u00f5es culturais.<\/p><p>Regi\u00e3o de Interven\u00e7\u00e3o | Regi\u00e3o Demarcada do Douro<\/p><p>Entidade benefici\u00e1ria | COMPANHIA GERAL DA AGRICULTURA DAS VINHAS DO ALTO DOURO \u2013 REAL COMPANHIA VELHA S.A.<\/p>\t\t\t\t\t\t\t\t<\/div>\n\t\t\t\t<div class=\"elementor-element elementor-element-67c93a1 elementor-widget elementor-widget-text-editor\" data-id=\"67c93a1\" data-element_type=\"widget\" data-widget_type=\"text-editor.default\">\n\t\t\t\t\t\t\t\t\t<p><strong>Data de Aprova\u00e7\u00e3o <\/strong>| 12-09-2018<\/p>\n<br>\n<p><strong>\u200dData de In\u00edcio <\/strong>|16-01-2020<\/p>\n<br>\n<p><strong>\u200dData de Conclus\u00e3o <\/strong>|27-04-2022<\/p>\n<br>\n<p><strong>\u200dCusto Total Eleg\u00edvel <\/strong>|456.930,39 \u20ac<\/p>\n<br>\n<p><strong>\u200dApoio Financeiro da Uni\u00e3o Europeia <\/strong>|154.870,87 \u20ac<\/p>\n<br>\n<p><strong>\u200dApoio Financeiro P\u00fablico Nacional <\/strong>| 41.168,20 \u20ac<\/p>\t\t\t\t\t\t\t\t<\/div>\n\t\t\t\t<div class=\"elementor-element elementor-element-10ef9ec elementor-widget elementor-widget-text-editor\" data-id=\"10ef9ec\" data-element_type=\"widget\" data-widget_type=\"text-editor.default\">\n\t\t\t\t\t\t\t\t\t<p><strong>Objectivos e Resultados Esperados <\/strong>| O promotor produz uvas para vinho com Denomina\u00e7\u00e3o deOrigem Douro e Porto em 5 Quintas na Regi\u00e3o Demarcada do Douro, bem como azeitee am\u00eandoa, embora com menos peso na actividade da empresa. Os investimentos arealizar pretendem promover a sustentabilidade econ\u00f3mica e ambiental, dotando aexplora\u00e7\u00e3o de equipamentos tecnologicamente mais evolu\u00eddos, que permitam umaoptimiza\u00e7\u00e3o das opera\u00e7\u00f5es culturais (contribuindo para ganhos de produtividadepela redu\u00e7\u00e3o das perdas de produ\u00e7\u00e3o), que minimizem o impacto ambiental epromovam a seguran\u00e7a e conforto dos trabalhadores. Torna-se necess\u00e1rio tamb\u00e9mmelhorar a fertilidade do solo e assegurar as condi\u00e7\u00f5es vegetativas da videirapela aplica\u00e7\u00e3o de calc\u00e1rio de modo a corrigir a acidez dos solos,caracter\u00edstica muito comum nos solos da Regi\u00e3o Demarcada do Douro. De uma formageral, podemos afirmar que a aquisi\u00e7\u00e3o destes equipamentos permite uma melhoriasignificativa da rentabilidade produtiva, pois ser\u00e1 poss\u00edvel a realiza\u00e7\u00e3o dostratamentos fitossanit\u00e1rios de forma mais atempada, eficaz e eficiente, bemcomo reduzir custos associados \u00e0s diferentes actividades. Outro ponto de realcecom o investimento proposto, \u00e9 a redu\u00e7\u00e3o do impacto ambiental, pela redu\u00e7\u00e3o douso de pesticidas, sendo que esta quest\u00e3o \u00e9 uma das bandeiras da empresa e umponto essencial para uma gest\u00e3o e desenvolvimento sustent\u00e1veis.<\/p>\n\t\t\t\t\t\t\t\t<\/div>\n\t\t\t\t<div class=\"elementor-element elementor-element-f3f359a elementor-widget elementor-widget-text-editor\" data-id=\"f3f359a\" data-element_type=\"widget\" data-widget_type=\"text-editor.default\">\n\t\t\t\t\t\t\t\t\t<p>\n    Link FEADER\n<\/p>\n\n<p>\n   \u200dhttps:\/\/agriculture.ec.europa.eu\/common-agricultural-policy\/rural-development\/country_pt\n<\/p>\t\t\t\t\t\t\t\t<\/div>\n\t\t\t\t<\/div>\n\t\t\t\t<div class=\"elementor-element elementor-element-1505f3f elementor-widget elementor-widget-heading\" data-id=\"1505f3f\" data-element_type=\"widget\" data-widget_type=\"heading.default\">\n\t\t\t\t\t<h2 class=\"elementor-heading-title elementor-size-default\">Ficha de Projeto<\/h2>\t\t\t\t<\/div>\n\t\t<div class=\"elementor-element elementor-element-2f2c496 e-con-full e-flex e-con e-child\" data-id=\"2f2c496\" data-element_type=\"container\">\n\t\t\t\t<div class=\"elementor-element elementor-element-88167e4 elementor-widget elementor-widget-text-editor\" data-id=\"88167e4\" data-element_type=\"widget\" data-widget_type=\"text-editor.default\">\n\t\t\t\t\t\t\t\t\t<p><strong>Designa\u00e7\u00e3o do Projeto <\/strong>| RCV- Melhoria da qualidade, daefici\u00eancia e da capacidade produtiva\/Estrat\u00e9gia de sustentabilidade<\/p><p><strong>\u200dC\u00f3digo do Projeto <\/strong>| PDR2020-3.3.1-FEADER-081831<\/p><p><strong>\u200dObjetivo Principal <\/strong>| O presente projeto visa o aumento daefici\u00eancia e da capacidade produtiva da empresa, em particular para gamaspremium e ultrapremium, com incorpora\u00e7\u00e3o de investimentos em ind\u00fastria 4.0 e efici\u00eancia energ\u00e9tica, visando consolidar o seu posicionamento e aumentar anotoriedade, atrav\u00e9s do aumento da capacidade tecnol\u00f3gica e produtiva e daoferta diferenciadora, num ambiente de sustentabilidade.<\/p><p><strong>\u200dRegi\u00e3o de Interven\u00e7\u00e3o <\/strong>| Alij\u00f3 e Vila Nova de Gaia<\/p><p><strong>\u200dEntidade benefici\u00e1ria <\/strong>| COMPANHIA GERAL DA AGRICULTURA DASVINHAS DO ALTO DOURO \u2013 REAL COMPANHIA VELHA S.A.<\/p><p><strong>\u200dData de Aprova\u00e7\u00e3o <\/strong>| 08-02-2023<\/p><p><strong>\u200dData de In\u00edcio <\/strong>| 11-02-2022<\/p><p><strong>\u200dData de Conclus\u00e3o <\/strong>| 31-12-2023<\/p><p><strong>\u200dCusto Total Eleg\u00edvel <\/strong>| \u20ac 1.000.000,00<\/p><p><strong>\u200dApoio Financeiro da Uni\u00e3o Europeia <\/strong>|\u20ac 237.000,02<\/p><p><strong>\u200dApoio Financeiro P\u00fablico Nacional <\/strong>| \u20ac 63.000,00<\/p><p>\u00a0<\/p><p><strong>Objectivos e Resultados Esperados <\/strong>| Pautada pela ambi\u00e7\u00e3o de crescimento e inova\u00e7\u00e3o, a RealCompanhia Velha tem realizado investimentos nos dom\u00ednios da diferencia\u00e7\u00e3o,inova\u00e7\u00e3o e sustentabilidade, com enfoque em produtos fortementeinternacionaliz\u00e1veis e de valor acrescentado. Neste \u00e2mbito, os investimentosprevistos visam a introdu\u00e7\u00e3o de inova\u00e7\u00e3o no processo produtivo e o consequenteaumento da capacidade instalada e obten\u00e7\u00e3o de ganhos de efici\u00eancia, contribuindopara a melhoria cont\u00ednua dos processos e produtos. Ali\u00e1s, a introdu\u00e7\u00e3o desistemas conectados e inteligentes e a aquisi\u00e7\u00e3o de equipamentos adequados \u00e0snecessidades atuais, contribuir\u00e3o para um menor lead time produtivo epermitir\u00e3o o report e an\u00e1lise de dados em tempo real, o que se revela crucialpara a otimiza\u00e7\u00e3o do controle de gest\u00e3o e respetiva cadeia de valor. Al\u00e9mdisso, o investimento na digitaliza\u00e7\u00e3o dos processos e a aquisi\u00e7\u00e3o deequipamentos e servi\u00e7os para as unidades de Gaia e Douro, permitir\u00e3o ganhos deprodutividade e contribuir\u00e3o para a neutralidade carb\u00f3nica.<\/p>\t\t\t\t\t\t\t\t<\/div>\n\t\t\t\t<\/div>\n\t\t\t\t<\/div>\n\t\t\t\t\t<\/div>\n\t\t\t\t<\/div>\n\t\t\t\t<\/div>","protected":false},"excerpt":{"rendered":"<p>Ficha de Projeto Designa\u00e7\u00e3o do Projecto | Capacita\u00e7\u00e3o tecnol\u00f3gica da explora\u00e7\u00e3o agr\u00edcola C\u00f3digo do Projecto | PDR2020-3.2.1-FEADER-036104 Objectivo Principal | Promover a sustentabilidade econ\u00f3mica e ambiental, dotando a explora\u00e7\u00e3o de equipamentostecnologicamente mais evolu\u00eddos, que permitam uma optimiza\u00e7\u00e3o das opera\u00e7\u00f5es culturais. Regi\u00e3o de Interven\u00e7\u00e3o | Regi\u00e3o Demarcada do Douro Entidade benefici\u00e1ria | COMPANHIA GERAL DA AGRICULTURA [&hellip;]<\/p>","protected":false},"author":1,"featured_media":0,"parent":0,"menu_order":0,"comment_status":"closed","ping_status":"closed","template":"elementor_header_footer","meta":{"footnotes":""},"class_list":["post-111","page","type-page","status-publish","hentry"],"_links":{"self":[{"href":"https:\/\/realcompanhiavelha.pt\/en\/wp-json\/wp\/v2\/pages\/111","targetHints":{"allow":["GET"]}}],"collection":[{"href":"https:\/\/realcompanhiavelha.pt\/en\/wp-json\/wp\/v2\/pages"}],"about":[{"href":"https:\/\/realcompanhiavelha.pt\/en\/wp-json\/wp\/v2\/types\/page"}],"author":[{"embeddable":true,"href":"https:\/\/realcompanhiavelha.pt\/en\/wp-json\/wp\/v2\/users\/1"}],"replies":[{"embeddable":true,"href":"https:\/\/realcompanhiavelha.pt\/en\/wp-json\/wp\/v2\/comments?post=111"}],"version-history":[{"count":15,"href":"https:\/\/realcompanhiavelha.pt\/en\/wp-json\/wp\/v2\/pages\/111\/revisions"}],"predecessor-version":[{"id":1433,"href":"https:\/\/realcompanhiavelha.pt\/en\/wp-json\/wp\/v2\/pages\/111\/revisions\/1433"}],"wp:attachment":[{"href":"https:\/\/realcompanhiavelha.pt\/en\/wp-json\/wp\/v2\/media?parent=111"}],"curies":[{"name":"wp","href":"https:\/\/api.w.org\/{rel}","templated":true}]}}