{"id":1461,"date":"2025-12-16T20:20:22","date_gmt":"2025-12-16T20:20:22","guid":{"rendered":"https:\/\/realcompanhiavelha.pt\/?page_id=1461"},"modified":"2025-12-22T19:56:25","modified_gmt":"2025-12-22T19:56:25","slug":"douro-grandjo","status":"publish","type":"page","link":"https:\/\/realcompanhiavelha.pt\/en\/douro-grandjo\/","title":{"rendered":"Vinhos &#8211; Douro Grandj\u00f3"},"content":{"rendered":"<div data-elementor-type=\"wp-page\" data-elementor-id=\"1461\" class=\"elementor elementor-1461\" data-elementor-post-type=\"page\">\n\t\t\t\t<div class=\"elementor-element elementor-element-69c3fc9 e-flex e-con-boxed e-con e-parent\" data-id=\"69c3fc9\" data-element_type=\"container\">\n\t\t\t\t\t<div class=\"e-con-inner\">\n\t\t<div class=\"elementor-element elementor-element-d5cd992 e-con-full elementor-hidden-tablet elementor-hidden-mobile e-flex e-con e-child\" data-id=\"d5cd992\" data-element_type=\"container\">\n\t\t<div class=\"elementor-element elementor-element-4e9b79e e-con-full e-flex e-con e-child\" data-id=\"4e9b79e\" data-element_type=\"container\" data-settings=\"{&quot;background_background&quot;:&quot;classic&quot;}\">\n\t\t\t\t<div class=\"elementor-element elementor-element-662fa1f elementor-widget elementor-widget-heading\" data-id=\"662fa1f\" data-element_type=\"widget\" data-widget_type=\"heading.default\">\n\t\t\t\t\t<h2 class=\"elementor-heading-title elementor-size-default\">Port Wines<\/h2>\t\t\t\t<\/div>\n\t\t\t\t<\/div>\n\t\t<div class=\"elementor-element elementor-element-ec1fa18 e-con-full e-flex e-con e-child\" data-id=\"ec1fa18\" data-element_type=\"container\">\n\t\t<div class=\"elementor-element elementor-element-8030441 e-con-full e-flex e-con e-child\" data-id=\"8030441\" data-element_type=\"container\" data-settings=\"{&quot;background_background&quot;:&quot;classic&quot;}\">\n\t\t\t\t<div class=\"elementor-element elementor-element-e6a4dd1 elementor-widget elementor-widget-heading\" data-id=\"e6a4dd1\" data-element_type=\"widget\" data-widget_type=\"heading.default\">\n\t\t\t\t\t<h2 class=\"elementor-heading-title elementor-size-default\"><a href=\"https:\/\/realcompanhiavelha.pt\/en\/porto-royal-oporto\/\">Royal Oporto<\/a><\/h2>\t\t\t\t<\/div>\n\t\t\t\t<\/div>\n\t\t<div class=\"elementor-element elementor-element-2e60a29 e-con-full e-flex e-con e-child\" data-id=\"2e60a29\" data-element_type=\"container\" data-settings=\"{&quot;background_background&quot;:&quot;classic&quot;}\">\n\t\t\t\t<div class=\"elementor-element elementor-element-9446b2b elementor-widget elementor-widget-heading\" data-id=\"9446b2b\" data-element_type=\"widget\" data-widget_type=\"heading.default\">\n\t\t\t\t\t<h2 class=\"elementor-heading-title elementor-size-default\"><a href=\"https:\/\/quintadascarvalhas.pt\/vinhos-do-porto\/\" target=\"_blank\">Quinta das Carvalhas<\/a><\/h2>\t\t\t\t<\/div>\n\t\t\t\t<\/div>\n\t\t<div class=\"elementor-element elementor-element-1e217d4 e-con-full e-flex e-con e-child\" data-id=\"1e217d4\" data-element_type=\"container\" data-settings=\"{&quot;background_background&quot;:&quot;classic&quot;}\">\n\t\t\t\t<div class=\"elementor-element elementor-element-15d8cd3 elementor-widget elementor-widget-heading\" data-id=\"15d8cd3\" data-element_type=\"widget\" data-widget_type=\"heading.default\">\n\t\t\t\t\t<h2 class=\"elementor-heading-title elementor-size-default\"><a href=\"https:\/\/www.delaforce.pt\/\" target=\"_blank\">Delaforce<\/a><\/h2>\t\t\t\t<\/div>\n\t\t\t\t<\/div>\n\t\t<div class=\"elementor-element elementor-element-1295783 e-con-full e-flex e-con e-child\" data-id=\"1295783\" data-element_type=\"container\" data-settings=\"{&quot;background_background&quot;:&quot;classic&quot;}\">\n\t\t\t\t<div class=\"elementor-element elementor-element-0bb1b81 elementor-widget elementor-widget-heading\" data-id=\"0bb1b81\" data-element_type=\"widget\" data-widget_type=\"heading.default\">\n\t\t\t\t\t<h2 class=\"elementor-heading-title elementor-size-default\"><a href=\"https:\/\/realcompanhiavelha.pt\/en\/porto-real-companhia-velha\/\">Real Companhia Velha<\/a><\/h2>\t\t\t\t<\/div>\n\t\t\t\t<\/div>\n\t\t<div class=\"elementor-element elementor-element-350a565 e-con-full e-flex e-con e-child\" data-id=\"350a565\" data-element_type=\"container\" data-settings=\"{&quot;background_background&quot;:&quot;classic&quot;}\">\n\t\t\t\t<div class=\"elementor-element elementor-element-dabcebc elementor-widget elementor-widget-heading\" data-id=\"dabcebc\" data-element_type=\"widget\" data-widget_type=\"heading.default\">\n\t\t\t\t\t<h2 class=\"elementor-heading-title elementor-size-default\"><a href=\"https:\/\/realcompanhiavelha.pt\/en\/porto-silva-reis\/\">Silva Reis<\/a><\/h2>\t\t\t\t<\/div>\n\t\t\t\t<\/div>\n\t\t\t\t<\/div>\n\t\t<div class=\"elementor-element elementor-element-c3a9c85 e-con-full e-flex e-con e-child\" data-id=\"c3a9c85\" data-element_type=\"container\" data-settings=\"{&quot;background_background&quot;:&quot;classic&quot;}\">\n\t\t\t\t<div class=\"elementor-element elementor-element-3e51c44 elementor-widget elementor-widget-heading\" data-id=\"3e51c44\" data-element_type=\"widget\" data-widget_type=\"heading.default\">\n\t\t\t\t\t<h2 class=\"elementor-heading-title elementor-size-default\">Douro<\/h2>\t\t\t\t<\/div>\n\t\t\t\t<\/div>\n\t\t<div class=\"elementor-element elementor-element-c8761a6 e-con-full e-flex e-con e-child\" data-id=\"c8761a6\" data-element_type=\"container\">\n\t\t<div class=\"elementor-element elementor-element-ac9a24b e-con-full e-flex e-con e-child\" data-id=\"ac9a24b\" data-element_type=\"container\" data-settings=\"{&quot;background_background&quot;:&quot;classic&quot;}\">\n\t\t\t\t<div class=\"elementor-element elementor-element-9968c1f elementor-widget elementor-widget-heading\" data-id=\"9968c1f\" data-element_type=\"widget\" data-widget_type=\"heading.default\">\n\t\t\t\t\t<h2 class=\"elementor-heading-title elementor-size-default\"><a href=\"https:\/\/quintadascarvalhas.pt\/vinhos-do-douro\/\" target=\"_blank\">Quinta das Carvalhas<\/a><\/h2>\t\t\t\t<\/div>\n\t\t\t\t<\/div>\n\t\t<div class=\"elementor-element elementor-element-acb20f3 e-con-full e-flex e-con e-child\" data-id=\"acb20f3\" data-element_type=\"container\" data-settings=\"{&quot;background_background&quot;:&quot;classic&quot;}\">\n\t\t\t\t<div class=\"elementor-element elementor-element-d5066bc elementor-widget elementor-widget-heading\" data-id=\"d5066bc\" data-element_type=\"widget\" data-widget_type=\"heading.default\">\n\t\t\t\t\t<h2 class=\"elementor-heading-title elementor-size-default\"><a href=\"https:\/\/realcompanhiavelha.pt\/en\/douro-quinta-de-cidro\/\">Quinta de Cidr\u00f4<\/a><\/h2>\t\t\t\t<\/div>\n\t\t\t\t<\/div>\n\t\t<div class=\"elementor-element elementor-element-f7f49d1 e-con-full e-flex e-con e-child\" data-id=\"f7f49d1\" data-element_type=\"container\" data-settings=\"{&quot;background_background&quot;:&quot;classic&quot;}\">\n\t\t\t\t<div class=\"elementor-element elementor-element-6e73a89 elementor-widget elementor-widget-heading\" data-id=\"6e73a89\" data-element_type=\"widget\" data-widget_type=\"heading.default\">\n\t\t\t\t\t<h2 class=\"elementor-heading-title elementor-size-default\"><a href=\"https:\/\/realcompanhiavelha.pt\/en\/douro-quinta-dos-aciprestes\/\">Quinta dos Aciprestes<\/a><\/h2>\t\t\t\t<\/div>\n\t\t\t\t<\/div>\n\t\t<div class=\"elementor-element elementor-element-0a9cd12 e-con-full e-flex e-con e-child\" data-id=\"0a9cd12\" data-element_type=\"container\" data-settings=\"{&quot;background_background&quot;:&quot;classic&quot;}\">\n\t\t\t\t<div class=\"elementor-element elementor-element-68e4041 elementor-widget elementor-widget-heading\" data-id=\"68e4041\" data-element_type=\"widget\" data-widget_type=\"heading.default\">\n\t\t\t\t\t<h2 class=\"elementor-heading-title elementor-size-default\"><a href=\"https:\/\/realcompanhiavelha.pt\/en\/douro-evel\/\">Evel<\/a><\/h2>\t\t\t\t<\/div>\n\t\t\t\t<\/div>\n\t\t<div class=\"elementor-element elementor-element-f64e452 e-con-full e-flex e-con e-child\" data-id=\"f64e452\" data-element_type=\"container\" data-settings=\"{&quot;background_background&quot;:&quot;classic&quot;}\">\n\t\t\t\t<div class=\"elementor-element elementor-element-8ca47e2 elementor-widget elementor-widget-heading\" data-id=\"8ca47e2\" data-element_type=\"widget\" data-widget_type=\"heading.default\">\n\t\t\t\t\t<h2 class=\"elementor-heading-title elementor-size-default\"><a href=\"https:\/\/realcompanhiavelha.pt\/en\/douro-porca-de-murca\/\">Porca de mur\u00e7a<\/a><\/h2>\t\t\t\t<\/div>\n\t\t\t\t<\/div>\n\t\t<div class=\"elementor-element elementor-element-588e0e4 e-con-full e-flex e-con e-child\" data-id=\"588e0e4\" data-element_type=\"container\" data-settings=\"{&quot;background_background&quot;:&quot;classic&quot;}\">\n\t\t\t\t<div class=\"elementor-element elementor-element-4fe3fb3 elementor-widget elementor-widget-heading\" data-id=\"4fe3fb3\" data-element_type=\"widget\" data-widget_type=\"heading.default\">\n\t\t\t\t\t<h2 class=\"elementor-heading-title elementor-size-default\"><a href=\"https:\/\/realcompanhiavelha.com\/dandy\/\" target=\"_blank\">Dandy de Cidr\u00f4<\/a><\/h2>\t\t\t\t<\/div>\n\t\t\t\t<\/div>\n\t\t<div class=\"elementor-element elementor-element-a1cf1d6 e-con-full e-flex e-con e-child\" data-id=\"a1cf1d6\" data-element_type=\"container\" data-settings=\"{&quot;background_background&quot;:&quot;classic&quot;}\">\n\t\t\t\t<div class=\"elementor-element elementor-element-6098691 elementor-widget elementor-widget-heading\" data-id=\"6098691\" data-element_type=\"widget\" data-widget_type=\"heading.default\">\n\t\t\t\t\t<h2 class=\"elementor-heading-title elementor-size-default\"><a href=\"https:\/\/realcompanhiavelha.pt\/en\/douro-series\/\">Series Project<\/a><\/h2>\t\t\t\t<\/div>\n\t\t\t\t<\/div>\n\t\t<div class=\"elementor-element elementor-element-a006b2c e-con-full e-flex e-con e-child\" data-id=\"a006b2c\" data-element_type=\"container\" data-settings=\"{&quot;background_background&quot;:&quot;classic&quot;}\">\n\t\t\t\t<div class=\"elementor-element elementor-element-1e759db elementor-widget elementor-widget-heading\" data-id=\"1e759db\" data-element_type=\"widget\" data-widget_type=\"heading.default\">\n\t\t\t\t\t<h2 class=\"elementor-heading-title elementor-size-default\"><a href=\"https:\/\/realcompanhiavelha.pt\/en\/douro-grandjo\/\">Grandj\u00f3<\/a><\/h2>\t\t\t\t<\/div>\n\t\t\t\t<\/div>\n\t\t\t\t<\/div>\n\t\t<div class=\"elementor-element elementor-element-6d3f13a e-con-full e-flex e-con e-child\" data-id=\"6d3f13a\" data-element_type=\"container\" data-settings=\"{&quot;background_background&quot;:&quot;classic&quot;}\">\n\t\t\t\t<div class=\"elementor-element elementor-element-c199f96 elementor-widget elementor-widget-heading\" data-id=\"c199f96\" data-element_type=\"widget\" data-widget_type=\"heading.default\">\n\t\t\t\t\t<h2 class=\"elementor-heading-title elementor-size-default\">Sparkling wine<\/h2>\t\t\t\t<\/div>\n\t\t\t\t<\/div>\n\t\t<div class=\"elementor-element elementor-element-f9ab06a e-con-full e-flex e-con e-child\" data-id=\"f9ab06a\" data-element_type=\"container\">\n\t\t<div class=\"elementor-element elementor-element-d76b0dd e-con-full e-flex e-con e-child\" data-id=\"d76b0dd\" data-element_type=\"container\" data-settings=\"{&quot;background_background&quot;:&quot;classic&quot;}\">\n\t\t\t\t<div class=\"elementor-element elementor-element-d21e61f elementor-widget elementor-widget-heading\" data-id=\"d21e61f\" data-element_type=\"widget\" data-widget_type=\"heading.default\">\n\t\t\t\t\t<h2 class=\"elementor-heading-title elementor-size-default\"><a href=\"https:\/\/realcompanhiavelha.pt\/en\/espumante-real-companhia-velha\/\">Real companhia velha<\/a><\/h2>\t\t\t\t<\/div>\n\t\t\t\t<\/div>\n\t\t\t\t<\/div>\n\t\t<div class=\"elementor-element elementor-element-9ee6db3 e-con-full e-flex e-con e-child\" data-id=\"9ee6db3\" data-element_type=\"container\" data-settings=\"{&quot;background_background&quot;:&quot;classic&quot;}\">\n\t\t\t\t<div class=\"elementor-element elementor-element-3bdd6ae elementor-widget elementor-widget-heading\" data-id=\"3bdd6ae\" data-element_type=\"widget\" data-widget_type=\"heading.default\">\n\t\t\t\t\t<h2 class=\"elementor-heading-title elementor-size-default\">Moscatel<\/h2>\t\t\t\t<\/div>\n\t\t\t\t<\/div>\n\t\t<div class=\"elementor-element elementor-element-113adf6 e-con-full e-flex e-con e-child\" data-id=\"113adf6\" data-element_type=\"container\">\n\t\t<div class=\"elementor-element elementor-element-b2c08d3 e-con-full e-flex e-con e-child\" data-id=\"b2c08d3\" data-element_type=\"container\" data-settings=\"{&quot;background_background&quot;:&quot;classic&quot;}\">\n\t\t\t\t<div class=\"elementor-element elementor-element-7a4021b elementor-widget elementor-widget-heading\" data-id=\"7a4021b\" data-element_type=\"widget\" data-widget_type=\"heading.default\">\n\t\t\t\t\t<h2 class=\"elementor-heading-title elementor-size-default\"><a href=\"https:\/\/realcompanhiavelha.pt\/en\/moscatel-real-companhia-velha\/\">Real companhia velha<\/a><\/h2>\t\t\t\t<\/div>\n\t\t\t\t<\/div>\n\t\t\t\t<\/div>\n\t\t\t\t<\/div>\n\t\t<div class=\"elementor-element elementor-element-f917f46 e-con-full e-flex elementor-invisible e-con e-child\" data-id=\"f917f46\" data-element_type=\"container\" data-settings=\"{&quot;animation&quot;:&quot;fadeIn&quot;}\">\n\t\t\t\t<div class=\"elementor-element elementor-element-1f07253 elementor-widget elementor-widget-heading\" data-id=\"1f07253\" data-element_type=\"widget\" data-widget_type=\"heading.default\">\n\t\t\t\t\t<h1 class=\"elementor-heading-title elementor-size-default\">DOURO wines - grandj\u00f3<\/h1>\t\t\t\t<\/div>\n\t\t<div class=\"elementor-element elementor-element-fda01e3 e-con-full e-flex e-con e-child\" data-id=\"fda01e3\" data-element_type=\"container\">\n\t\t\t\t<div class=\"elementor-element elementor-element-def75c7 elementor-widget elementor-widget-text-editor\" data-id=\"def75c7\" data-element_type=\"widget\" data-widget_type=\"text-editor.default\">\n\t\t\t\t\t\t\t\t\t<p>Real Companhia Velha owns the beautiful Quinta do Casal da Granja, a 160 ha vineyard located by the small village of Granja de Alij\u00f3. This high altitude (600m) plateau is also home to our modern winery. The brand Grandj\u00f3 was created through a fusion of both words: Granja and Alij\u00f3, and it celebrated its one hundredth year aniversary in 2012, becoming the company\u2019s oldest active brand.<\/p>\t\t\t\t\t\t\t\t<\/div>\n\t\t\t\t<div class=\"elementor-element elementor-element-4bf366d elementor-widget elementor-widget-text-editor\" data-id=\"4bf366d\" data-element_type=\"widget\" data-widget_type=\"text-editor.default\">\n\t\t\t\t\t\t\t\t\t<p>The Quinta, located on a pleatau well above the the Douro, benefits from cool breezes which optimize the potential for white wine production. Within the most diverse varieties, Moscatel Galego is the most widely planted. White grapes are picked and fermented with utmost care in order to provide the refreshing and aromatic wines the region is known to produce.<\/p>\t\t\t\t\t\t\t\t<\/div>\n\t\t\t\t<\/div>\n\t\t<div class=\"elementor-element elementor-element-4d8ef1b e-con-full e-flex e-con e-child\" data-id=\"4d8ef1b\" data-element_type=\"container\">\n\t\t<a class=\"elementor-element elementor-element-c05aad8 e-con-full card-vinho e-flex e-con e-child\" data-id=\"c05aad8\" data-element_type=\"container\" href=\"https:\/\/realcompanhiavelha.pt\/en\/douro-grandjo-branco-meio-doce\/\">\n\t\t<div class=\"elementor-element elementor-element-ea640ec e-con-full e-flex e-con e-child\" data-id=\"ea640ec\" data-element_type=\"container\">\n\t\t\t\t<div class=\"elementor-element elementor-element-dcfec3e garrafa elementor-widget elementor-widget-image\" data-id=\"dcfec3e\" data-element_type=\"widget\" data-widget_type=\"image.default\">\n\t\t\t\t\t\t\t\t\t\t\t\t\t\t\t<img fetchpriority=\"high\" decoding=\"async\" width=\"220\" height=\"678\" src=\"https:\/\/realcompanhiavelha.pt\/wp-content\/uploads\/2025\/12\/branco-meio-doce.webp\" class=\"attachment-full size-full wp-image-1800\" alt=\"vinho branco-meio-doce\" srcset=\"https:\/\/realcompanhiavelha.pt\/wp-content\/uploads\/2025\/12\/branco-meio-doce.webp 220w, https:\/\/realcompanhiavelha.pt\/wp-content\/uploads\/2025\/12\/branco-meio-doce-97x300.webp 97w\" sizes=\"(max-width: 220px) 100vw, 220px\" \/>\t\t\t\t\t\t\t\t\t\t\t\t\t\t\t<\/div>\n\t\t\t\t<\/div>\n\t\t<div class=\"elementor-element elementor-element-e33539a e-con-full e-flex e-con e-child\" data-id=\"e33539a\" data-element_type=\"container\">\n\t\t\t\t<div class=\"elementor-element elementor-element-28db3e2 elementor-widget elementor-widget-heading\" data-id=\"28db3e2\" data-element_type=\"widget\" data-widget_type=\"heading.default\">\n\t\t\t\t\t<h2 class=\"elementor-heading-title elementor-size-default\">Grandj\u00f3<\/h2>\t\t\t\t<\/div>\n\t\t\t\t<div class=\"elementor-element elementor-element-3916afe wine-name elementor-widget elementor-widget-heading\" data-id=\"3916afe\" data-element_type=\"widget\" data-widget_type=\"heading.default\">\n\t\t\t\t\t<h2 class=\"elementor-heading-title elementor-size-default\">white<br>demi-sec<\/h2>\t\t\t\t<\/div>\n\t\t\t\t<\/div>\n\t\t\t\t<\/a>\n\t\t<a class=\"elementor-element elementor-element-eac5cf5 e-con-full card-vinho e-flex e-con e-child\" data-id=\"eac5cf5\" data-element_type=\"container\" href=\"https:\/\/realcompanhiavelha.pt\/en\/douro-grandjo-late-harvest\/\">\n\t\t<div class=\"elementor-element elementor-element-860c46e e-con-full e-flex e-con e-child\" data-id=\"860c46e\" data-element_type=\"container\">\n\t\t\t\t<div class=\"elementor-element elementor-element-a307619 garrafa elementor-widget elementor-widget-image\" data-id=\"a307619\" data-element_type=\"widget\" data-widget_type=\"image.default\">\n\t\t\t\t\t\t\t\t\t\t\t\t\t\t\t<img decoding=\"async\" width=\"220\" height=\"678\" src=\"https:\/\/realcompanhiavelha.pt\/wp-content\/uploads\/2025\/12\/late-harvest.webp\" class=\"attachment-full size-full wp-image-1801\" alt=\"vinho late-harvest\" srcset=\"https:\/\/realcompanhiavelha.pt\/wp-content\/uploads\/2025\/12\/late-harvest.webp 220w, https:\/\/realcompanhiavelha.pt\/wp-content\/uploads\/2025\/12\/late-harvest-97x300.webp 97w\" sizes=\"(max-width: 220px) 100vw, 220px\" \/>\t\t\t\t\t\t\t\t\t\t\t\t\t\t\t<\/div>\n\t\t\t\t<\/div>\n\t\t<div class=\"elementor-element elementor-element-7a1d44b e-con-full e-flex e-con e-child\" data-id=\"7a1d44b\" data-element_type=\"container\">\n\t\t\t\t<div class=\"elementor-element elementor-element-8eb5e2a elementor-widget elementor-widget-heading\" data-id=\"8eb5e2a\" data-element_type=\"widget\" data-widget_type=\"heading.default\">\n\t\t\t\t\t<h2 class=\"elementor-heading-title elementor-size-default\">Grandj\u00f3<\/h2>\t\t\t\t<\/div>\n\t\t\t\t<div class=\"elementor-element elementor-element-0669a3e wine-name elementor-widget elementor-widget-heading\" data-id=\"0669a3e\" data-element_type=\"widget\" data-widget_type=\"heading.default\">\n\t\t\t\t\t<h2 class=\"elementor-heading-title elementor-size-default\">Late Harvest<\/h2>\t\t\t\t<\/div>\n\t\t\t\t<\/div>\n\t\t\t\t<\/a>\n\t\t\t\t<\/div>\n\t\t\t\t<\/div>\n\t\t\t\t\t<\/div>\n\t\t\t\t<\/div>\n\t\t\t\t<\/div>","protected":false},"excerpt":{"rendered":"<p>Vinhos do Porto Royal Oporto Quinta das Carvalhas Delaforce Real Companhia Velha Silva Reis Douro Quinta das Carvalhas Quinta de Cidr\u00f4 Quinta dos Aciprestes Evel Porca de mur\u00e7a Dandy de Cidr\u00f4 Projeto s\u00e9ries Grandj\u00f3 Espumantes Real companhia velha Moscatel Real companhia velha VINHOS DO DOURO &#8211; grandj\u00f3 A Real Companhia Velha \u00e9 propriet\u00e1ria da Quinta [&hellip;]<\/p>","protected":false},"author":1,"featured_media":0,"parent":0,"menu_order":0,"comment_status":"closed","ping_status":"closed","template":"elementor_header_footer","meta":{"footnotes":""},"class_list":["post-1461","page","type-page","status-publish","hentry"],"_links":{"self":[{"href":"https:\/\/realcompanhiavelha.pt\/en\/wp-json\/wp\/v2\/pages\/1461","targetHints":{"allow":["GET"]}}],"collection":[{"href":"https:\/\/realcompanhiavelha.pt\/en\/wp-json\/wp\/v2\/pages"}],"about":[{"href":"https:\/\/realcompanhiavelha.pt\/en\/wp-json\/wp\/v2\/types\/page"}],"author":[{"embeddable":true,"href":"https:\/\/realcompanhiavelha.pt\/en\/wp-json\/wp\/v2\/users\/1"}],"replies":[{"embeddable":true,"href":"https:\/\/realcompanhiavelha.pt\/en\/wp-json\/wp\/v2\/comments?post=1461"}],"version-history":[{"count":13,"href":"https:\/\/realcompanhiavelha.pt\/en\/wp-json\/wp\/v2\/pages\/1461\/revisions"}],"predecessor-version":[{"id":2663,"href":"https:\/\/realcompanhiavelha.pt\/en\/wp-json\/wp\/v2\/pages\/1461\/revisions\/2663"}],"wp:attachment":[{"href":"https:\/\/realcompanhiavelha.pt\/en\/wp-json\/wp\/v2\/media?parent=1461"}],"curies":[{"name":"wp","href":"https:\/\/api.w.org\/{rel}","templated":true}]}}