{"id":1470,"date":"2025-12-16T20:23:43","date_gmt":"2025-12-16T20:23:43","guid":{"rendered":"https:\/\/realcompanhiavelha.pt\/?page_id=1470"},"modified":"2026-01-12T12:27:32","modified_gmt":"2026-01-12T12:27:32","slug":"moscatel-real-companhia-velha","status":"publish","type":"page","link":"https:\/\/realcompanhiavelha.pt\/en\/moscatel-real-companhia-velha\/","title":{"rendered":"Vinhos &#8211; Moscatel Real Companhia Velha"},"content":{"rendered":"<div data-elementor-type=\"wp-page\" data-elementor-id=\"1470\" class=\"elementor elementor-1470\" data-elementor-post-type=\"page\">\n\t\t\t\t<div class=\"elementor-element elementor-element-e10a382 e-flex e-con-boxed e-con e-parent\" data-id=\"e10a382\" data-element_type=\"container\">\n\t\t\t\t\t<div class=\"e-con-inner\">\n\t\t<div class=\"elementor-element elementor-element-33813bd e-con-full elementor-hidden-tablet elementor-hidden-mobile e-flex e-con e-child\" data-id=\"33813bd\" data-element_type=\"container\">\n\t\t<div class=\"elementor-element elementor-element-afefaef e-con-full e-flex e-con e-child\" data-id=\"afefaef\" data-element_type=\"container\" data-settings=\"{&quot;background_background&quot;:&quot;classic&quot;}\">\n\t\t\t\t<div class=\"elementor-element elementor-element-320d3d5 elementor-widget elementor-widget-heading\" data-id=\"320d3d5\" data-element_type=\"widget\" data-widget_type=\"heading.default\">\n\t\t\t\t\t<h2 class=\"elementor-heading-title elementor-size-default\">Port Wines<\/h2>\t\t\t\t<\/div>\n\t\t\t\t<\/div>\n\t\t<div class=\"elementor-element elementor-element-89038e2 e-con-full e-flex e-con e-child\" data-id=\"89038e2\" data-element_type=\"container\">\n\t\t<div class=\"elementor-element elementor-element-ba229e0 e-con-full e-flex e-con e-child\" data-id=\"ba229e0\" data-element_type=\"container\" data-settings=\"{&quot;background_background&quot;:&quot;classic&quot;}\">\n\t\t\t\t<div class=\"elementor-element elementor-element-7b2f5c9 elementor-widget elementor-widget-heading\" data-id=\"7b2f5c9\" data-element_type=\"widget\" data-widget_type=\"heading.default\">\n\t\t\t\t\t<h2 class=\"elementor-heading-title elementor-size-default\"><a href=\"https:\/\/realcompanhiavelha.pt\/en\/porto-royal-oporto\/\">Royal Oporto<\/a><\/h2>\t\t\t\t<\/div>\n\t\t\t\t<\/div>\n\t\t<div class=\"elementor-element elementor-element-ad006ed e-con-full e-flex e-con e-child\" data-id=\"ad006ed\" data-element_type=\"container\" data-settings=\"{&quot;background_background&quot;:&quot;classic&quot;}\">\n\t\t\t\t<div class=\"elementor-element elementor-element-f74e904 elementor-widget elementor-widget-heading\" data-id=\"f74e904\" data-element_type=\"widget\" data-widget_type=\"heading.default\">\n\t\t\t\t\t<h2 class=\"elementor-heading-title elementor-size-default\"><a href=\"https:\/\/quintadascarvalhas.pt\/vinhos-do-porto\/\" target=\"_blank\">Quinta das Carvalhas<\/a><\/h2>\t\t\t\t<\/div>\n\t\t\t\t<\/div>\n\t\t<div class=\"elementor-element elementor-element-6028a47 e-con-full e-flex e-con e-child\" data-id=\"6028a47\" data-element_type=\"container\" data-settings=\"{&quot;background_background&quot;:&quot;classic&quot;}\">\n\t\t\t\t<div class=\"elementor-element elementor-element-d8a7f29 elementor-widget elementor-widget-heading\" data-id=\"d8a7f29\" data-element_type=\"widget\" data-widget_type=\"heading.default\">\n\t\t\t\t\t<h2 class=\"elementor-heading-title elementor-size-default\"><a href=\"https:\/\/www.delaforce.pt\/\" target=\"_blank\">Delaforce<\/a><\/h2>\t\t\t\t<\/div>\n\t\t\t\t<\/div>\n\t\t<div class=\"elementor-element elementor-element-fb65a88 e-con-full e-flex e-con e-child\" data-id=\"fb65a88\" data-element_type=\"container\" data-settings=\"{&quot;background_background&quot;:&quot;classic&quot;}\">\n\t\t\t\t<div class=\"elementor-element elementor-element-32f7602 elementor-widget elementor-widget-heading\" data-id=\"32f7602\" data-element_type=\"widget\" data-widget_type=\"heading.default\">\n\t\t\t\t\t<h2 class=\"elementor-heading-title elementor-size-default\"><a href=\"https:\/\/realcompanhiavelha.pt\/en\/porto-real-companhia-velha\/\">Real Companhia Velha<\/a><\/h2>\t\t\t\t<\/div>\n\t\t\t\t<\/div>\n\t\t<div class=\"elementor-element elementor-element-0d7a518 e-con-full e-flex e-con e-child\" data-id=\"0d7a518\" data-element_type=\"container\" data-settings=\"{&quot;background_background&quot;:&quot;classic&quot;}\">\n\t\t\t\t<div class=\"elementor-element elementor-element-d84a29c elementor-widget elementor-widget-heading\" data-id=\"d84a29c\" data-element_type=\"widget\" data-widget_type=\"heading.default\">\n\t\t\t\t\t<h2 class=\"elementor-heading-title elementor-size-default\"><a href=\"https:\/\/realcompanhiavelha.pt\/en\/porto-silva-reis\/\">Silva Reis<\/a><\/h2>\t\t\t\t<\/div>\n\t\t\t\t<\/div>\n\t\t\t\t<\/div>\n\t\t<div class=\"elementor-element elementor-element-141c012 e-con-full e-flex e-con e-child\" data-id=\"141c012\" data-element_type=\"container\" data-settings=\"{&quot;background_background&quot;:&quot;classic&quot;}\">\n\t\t\t\t<div class=\"elementor-element elementor-element-fe51d71 elementor-widget elementor-widget-heading\" data-id=\"fe51d71\" data-element_type=\"widget\" data-widget_type=\"heading.default\">\n\t\t\t\t\t<h2 class=\"elementor-heading-title elementor-size-default\">Douro<\/h2>\t\t\t\t<\/div>\n\t\t\t\t<\/div>\n\t\t<div class=\"elementor-element elementor-element-324b37b e-con-full e-flex e-con e-child\" data-id=\"324b37b\" data-element_type=\"container\">\n\t\t<div class=\"elementor-element elementor-element-d5eee23 e-con-full e-flex e-con e-child\" data-id=\"d5eee23\" data-element_type=\"container\" data-settings=\"{&quot;background_background&quot;:&quot;classic&quot;}\">\n\t\t\t\t<div class=\"elementor-element elementor-element-7847933 elementor-widget elementor-widget-heading\" data-id=\"7847933\" data-element_type=\"widget\" data-widget_type=\"heading.default\">\n\t\t\t\t\t<h2 class=\"elementor-heading-title elementor-size-default\"><a href=\"https:\/\/quintadascarvalhas.pt\/vinhos-do-douro\/\" target=\"_blank\">Quinta das Carvalhas<\/a><\/h2>\t\t\t\t<\/div>\n\t\t\t\t<\/div>\n\t\t<div class=\"elementor-element elementor-element-4eb5b5c e-con-full e-flex e-con e-child\" data-id=\"4eb5b5c\" data-element_type=\"container\" data-settings=\"{&quot;background_background&quot;:&quot;classic&quot;}\">\n\t\t\t\t<div class=\"elementor-element elementor-element-6764c8a elementor-widget elementor-widget-heading\" data-id=\"6764c8a\" data-element_type=\"widget\" data-widget_type=\"heading.default\">\n\t\t\t\t\t<h2 class=\"elementor-heading-title elementor-size-default\"><a href=\"https:\/\/realcompanhiavelha.pt\/en\/douro-quinta-de-cidro\/\">Quinta de Cidr\u00f4<\/a><\/h2>\t\t\t\t<\/div>\n\t\t\t\t<\/div>\n\t\t<div class=\"elementor-element elementor-element-7e83b2a e-con-full e-flex e-con e-child\" data-id=\"7e83b2a\" data-element_type=\"container\" data-settings=\"{&quot;background_background&quot;:&quot;classic&quot;}\">\n\t\t\t\t<div class=\"elementor-element elementor-element-74e316d elementor-widget elementor-widget-heading\" data-id=\"74e316d\" data-element_type=\"widget\" data-widget_type=\"heading.default\">\n\t\t\t\t\t<h2 class=\"elementor-heading-title elementor-size-default\"><a href=\"https:\/\/realcompanhiavelha.pt\/en\/douro-quinta-dos-aciprestes\/\">Quinta dos Aciprestes<\/a><\/h2>\t\t\t\t<\/div>\n\t\t\t\t<\/div>\n\t\t<div class=\"elementor-element elementor-element-7322aef e-con-full e-flex e-con e-child\" data-id=\"7322aef\" data-element_type=\"container\" data-settings=\"{&quot;background_background&quot;:&quot;classic&quot;}\">\n\t\t\t\t<div class=\"elementor-element elementor-element-59fbf4b elementor-widget elementor-widget-heading\" data-id=\"59fbf4b\" data-element_type=\"widget\" data-widget_type=\"heading.default\">\n\t\t\t\t\t<h2 class=\"elementor-heading-title elementor-size-default\"><a href=\"https:\/\/realcompanhiavelha.pt\/en\/douro-evel\/\">Evel<\/a><\/h2>\t\t\t\t<\/div>\n\t\t\t\t<\/div>\n\t\t<div class=\"elementor-element elementor-element-1fe03c6 e-con-full e-flex e-con e-child\" data-id=\"1fe03c6\" data-element_type=\"container\" data-settings=\"{&quot;background_background&quot;:&quot;classic&quot;}\">\n\t\t\t\t<div class=\"elementor-element elementor-element-f491276 elementor-widget elementor-widget-heading\" data-id=\"f491276\" data-element_type=\"widget\" data-widget_type=\"heading.default\">\n\t\t\t\t\t<h2 class=\"elementor-heading-title elementor-size-default\"><a href=\"https:\/\/realcompanhiavelha.pt\/en\/douro-porca-de-murca\/\">Porca de mur\u00e7a<\/a><\/h2>\t\t\t\t<\/div>\n\t\t\t\t<\/div>\n\t\t<div class=\"elementor-element elementor-element-7576d73 e-con-full e-flex e-con e-child\" data-id=\"7576d73\" data-element_type=\"container\" data-settings=\"{&quot;background_background&quot;:&quot;classic&quot;}\">\n\t\t\t\t<div class=\"elementor-element elementor-element-ddfaf2b elementor-widget elementor-widget-heading\" data-id=\"ddfaf2b\" data-element_type=\"widget\" data-widget_type=\"heading.default\">\n\t\t\t\t\t<h2 class=\"elementor-heading-title elementor-size-default\"><a href=\"https:\/\/realcompanhiavelha.com\/dandy\/\" target=\"_blank\">Dandy de Cidr\u00f4<\/a><\/h2>\t\t\t\t<\/div>\n\t\t\t\t<\/div>\n\t\t<div class=\"elementor-element elementor-element-0b6f694 e-con-full e-flex e-con e-child\" data-id=\"0b6f694\" data-element_type=\"container\" data-settings=\"{&quot;background_background&quot;:&quot;classic&quot;}\">\n\t\t\t\t<div class=\"elementor-element elementor-element-bc68aad elementor-widget elementor-widget-heading\" data-id=\"bc68aad\" data-element_type=\"widget\" data-widget_type=\"heading.default\">\n\t\t\t\t\t<h2 class=\"elementor-heading-title elementor-size-default\"><a href=\"https:\/\/realcompanhiavelha.pt\/en\/douro-series\/\">Series Project<\/a><\/h2>\t\t\t\t<\/div>\n\t\t\t\t<\/div>\n\t\t<div class=\"elementor-element elementor-element-b033400 e-con-full e-flex e-con e-child\" data-id=\"b033400\" data-element_type=\"container\" data-settings=\"{&quot;background_background&quot;:&quot;classic&quot;}\">\n\t\t\t\t<div class=\"elementor-element elementor-element-05edf01 elementor-widget elementor-widget-heading\" data-id=\"05edf01\" data-element_type=\"widget\" data-widget_type=\"heading.default\">\n\t\t\t\t\t<h2 class=\"elementor-heading-title elementor-size-default\"><a href=\"https:\/\/realcompanhiavelha.pt\/en\/douro-grandjo\/\">Grandj\u00f3<\/a><\/h2>\t\t\t\t<\/div>\n\t\t\t\t<\/div>\n\t\t\t\t<\/div>\n\t\t<div class=\"elementor-element elementor-element-d0df2cc e-con-full e-flex e-con e-child\" data-id=\"d0df2cc\" data-element_type=\"container\" data-settings=\"{&quot;background_background&quot;:&quot;classic&quot;}\">\n\t\t\t\t<div class=\"elementor-element elementor-element-dbfd541 elementor-widget elementor-widget-heading\" data-id=\"dbfd541\" data-element_type=\"widget\" data-widget_type=\"heading.default\">\n\t\t\t\t\t<h2 class=\"elementor-heading-title elementor-size-default\">Sparkling wine<\/h2>\t\t\t\t<\/div>\n\t\t\t\t<\/div>\n\t\t<div class=\"elementor-element elementor-element-d12bafb e-con-full e-flex e-con e-child\" data-id=\"d12bafb\" data-element_type=\"container\">\n\t\t<div class=\"elementor-element elementor-element-0b1c460 e-con-full e-flex e-con e-child\" data-id=\"0b1c460\" data-element_type=\"container\" data-settings=\"{&quot;background_background&quot;:&quot;classic&quot;}\">\n\t\t\t\t<div class=\"elementor-element elementor-element-258c0df elementor-widget elementor-widget-heading\" data-id=\"258c0df\" data-element_type=\"widget\" data-widget_type=\"heading.default\">\n\t\t\t\t\t<h2 class=\"elementor-heading-title elementor-size-default\"><a href=\"https:\/\/realcompanhiavelha.pt\/en\/espumante-real-companhia-velha\/\">Real companhia velha<\/a><\/h2>\t\t\t\t<\/div>\n\t\t\t\t<\/div>\n\t\t\t\t<\/div>\n\t\t<div class=\"elementor-element elementor-element-c83b43c e-con-full e-flex e-con e-child\" data-id=\"c83b43c\" data-element_type=\"container\" data-settings=\"{&quot;background_background&quot;:&quot;classic&quot;}\">\n\t\t\t\t<div class=\"elementor-element elementor-element-0f67e42 elementor-widget elementor-widget-heading\" data-id=\"0f67e42\" data-element_type=\"widget\" data-widget_type=\"heading.default\">\n\t\t\t\t\t<h2 class=\"elementor-heading-title elementor-size-default\">Moscatel<\/h2>\t\t\t\t<\/div>\n\t\t\t\t<\/div>\n\t\t<div class=\"elementor-element elementor-element-64c6a8e e-con-full e-flex e-con e-child\" data-id=\"64c6a8e\" data-element_type=\"container\">\n\t\t<div class=\"elementor-element elementor-element-48953fe e-con-full e-flex e-con e-child\" data-id=\"48953fe\" data-element_type=\"container\" data-settings=\"{&quot;background_background&quot;:&quot;classic&quot;}\">\n\t\t\t\t<div class=\"elementor-element elementor-element-20f5c21 elementor-widget elementor-widget-heading\" data-id=\"20f5c21\" data-element_type=\"widget\" data-widget_type=\"heading.default\">\n\t\t\t\t\t<h2 class=\"elementor-heading-title elementor-size-default\"><a href=\"https:\/\/realcompanhiavelha.pt\/en\/moscatel-real-companhia-velha\/\">Real companhia velha<\/a><\/h2>\t\t\t\t<\/div>\n\t\t\t\t<\/div>\n\t\t\t\t<\/div>\n\t\t\t\t<\/div>\n\t\t<div class=\"elementor-element elementor-element-82bbf9d e-con-full e-flex elementor-invisible e-con e-child\" data-id=\"82bbf9d\" data-element_type=\"container\" data-settings=\"{&quot;animation&quot;:&quot;fadeIn&quot;}\">\n\t\t<div class=\"elementor-element elementor-element-ab3d941 e-con-full e-flex e-con e-child\" data-id=\"ab3d941\" data-element_type=\"container\" data-settings=\"{&quot;background_background&quot;:&quot;classic&quot;}\">\n\t\t\t\t<div class=\"elementor-element elementor-element-4b3a8ec elementor-widget elementor-widget-image\" data-id=\"4b3a8ec\" data-element_type=\"widget\" data-widget_type=\"image.default\">\n\t\t\t\t\t\t\t\t\t\t\t\t\t\t\t<img decoding=\"async\" width=\"341\" height=\"134\" src=\"https:\/\/realcompanhiavelha.pt\/wp-content\/uploads\/2025\/12\/logo-vinhos-real-companhia.svg\" class=\"attachment-full size-full wp-image-1594\" alt=\"logo-vinhos-real-companhia\" \/>\t\t\t\t\t\t\t\t\t\t\t\t\t\t\t<\/div>\n\t\t\t\t<\/div>\n\t\t\t\t<div class=\"elementor-element elementor-element-2ab6c39 elementor-widget elementor-widget-heading\" data-id=\"2ab6c39\" data-element_type=\"widget\" data-widget_type=\"heading.default\">\n\t\t\t\t\t<h1 class=\"elementor-heading-title elementor-size-default\">moscatel - Real Companhia Velha<\/h1>\t\t\t\t<\/div>\n\t\t<div class=\"elementor-element elementor-element-5b885c7 e-con-full e-flex e-con e-child\" data-id=\"5b885c7\" data-element_type=\"container\">\n\t\t\t\t<div class=\"elementor-element elementor-element-44c6be6 elementor-widget elementor-widget-text-editor\" data-id=\"44c6be6\" data-element_type=\"widget\" data-widget_type=\"text-editor.default\">\n\t\t\t\t\t\t\t\t\t<p>Moscatel is a grape variety with a lot of tradition and presence in the Alij\u00f3 plateau, where Real Companhia Velha owns Quinta do Casal da Granja.<\/p>\t\t\t\t\t\t\t\t<\/div>\n\t\t\t\t<div class=\"elementor-element elementor-element-6f1aa8e elementor-widget elementor-widget-text-editor\" data-id=\"6f1aa8e\" data-element_type=\"widget\" data-widget_type=\"text-editor.default\">\n\t\t\t\t\t\t\t\t\t<p>This liqueur wine expresses all the aromatic characteristics of the variety associated with the Quinta\u2019s climatic conditions.<\/p>\t\t\t\t\t\t\t\t<\/div>\n\t\t\t\t<\/div>\n\t\t<div class=\"elementor-element elementor-element-ec72558 e-con-full e-flex e-con e-child\" data-id=\"ec72558\" data-element_type=\"container\">\n\t\t<a class=\"elementor-element elementor-element-61741dc e-con-full card-vinho e-flex e-con e-child\" data-id=\"61741dc\" data-element_type=\"container\" href=\"https:\/\/realcompanhiavelha.pt\/en\/moscatel-real-companhia-velha-moscatel\/\">\n\t\t<div class=\"elementor-element elementor-element-d40c0eb e-con-full e-flex e-con e-child\" data-id=\"d40c0eb\" data-element_type=\"container\">\n\t\t\t\t<div class=\"elementor-element elementor-element-e3d996a garrafa elementor-widget elementor-widget-image\" data-id=\"e3d996a\" data-element_type=\"widget\" data-widget_type=\"image.default\">\n\t\t\t\t\t\t\t\t\t\t\t\t\t\t\t<img fetchpriority=\"high\" decoding=\"async\" width=\"220\" height=\"678\" src=\"https:\/\/realcompanhiavelha.pt\/wp-content\/uploads\/2025\/12\/moscatel.webp\" class=\"attachment-full size-full wp-image-1834\" alt=\"vinho moscatel\" srcset=\"https:\/\/realcompanhiavelha.pt\/wp-content\/uploads\/2025\/12\/moscatel.webp 220w, https:\/\/realcompanhiavelha.pt\/wp-content\/uploads\/2025\/12\/moscatel-97x300.webp 97w\" sizes=\"(max-width: 220px) 100vw, 220px\" \/>\t\t\t\t\t\t\t\t\t\t\t\t\t\t\t<\/div>\n\t\t\t\t<\/div>\n\t\t<div class=\"elementor-element elementor-element-8f875d7 e-con-full e-flex e-con e-child\" data-id=\"8f875d7\" data-element_type=\"container\">\n\t\t\t\t<div class=\"elementor-element elementor-element-8b09e3c elementor-widget elementor-widget-heading\" data-id=\"8b09e3c\" data-element_type=\"widget\" data-widget_type=\"heading.default\">\n\t\t\t\t\t<h2 class=\"elementor-heading-title elementor-size-default\">real companhia velha<\/h2>\t\t\t\t<\/div>\n\t\t\t\t<div class=\"elementor-element elementor-element-765476e wine-name elementor-widget elementor-widget-heading\" data-id=\"765476e\" data-element_type=\"widget\" data-widget_type=\"heading.default\">\n\t\t\t\t\t<h2 class=\"elementor-heading-title elementor-size-default\">Moscatel<\/h2>\t\t\t\t<\/div>\n\t\t\t\t<\/div>\n\t\t\t\t<\/a>\n\t\t\t\t<\/div>\n\t\t\t\t<\/div>\n\t\t\t\t\t<\/div>\n\t\t\t\t<\/div>\n\t\t\t\t<\/div>","protected":false},"excerpt":{"rendered":"<p>Vinhos do Porto Royal Oporto Quinta das Carvalhas Delaforce Real Companhia Velha Silva Reis Douro Quinta das Carvalhas Quinta de Cidr\u00f4 Quinta dos Aciprestes Evel Porca de mur\u00e7a Dandy de Cidr\u00f4 Projeto s\u00e9ries Grandj\u00f3 Espumantes Real companhia velha Moscatel Real companhia velha moscatel &#8211; Real Companhia Velha O Moscatel \u00e9 uma casta com muita tradi\u00e7\u00e3o [&hellip;]<\/p>","protected":false},"author":1,"featured_media":0,"parent":0,"menu_order":0,"comment_status":"closed","ping_status":"closed","template":"elementor_header_footer","meta":{"footnotes":""},"class_list":["post-1470","page","type-page","status-publish","hentry"],"_links":{"self":[{"href":"https:\/\/realcompanhiavelha.pt\/en\/wp-json\/wp\/v2\/pages\/1470","targetHints":{"allow":["GET"]}}],"collection":[{"href":"https:\/\/realcompanhiavelha.pt\/en\/wp-json\/wp\/v2\/pages"}],"about":[{"href":"https:\/\/realcompanhiavelha.pt\/en\/wp-json\/wp\/v2\/types\/page"}],"author":[{"embeddable":true,"href":"https:\/\/realcompanhiavelha.pt\/en\/wp-json\/wp\/v2\/users\/1"}],"replies":[{"embeddable":true,"href":"https:\/\/realcompanhiavelha.pt\/en\/wp-json\/wp\/v2\/comments?post=1470"}],"version-history":[{"count":31,"href":"https:\/\/realcompanhiavelha.pt\/en\/wp-json\/wp\/v2\/pages\/1470\/revisions"}],"predecessor-version":[{"id":3045,"href":"https:\/\/realcompanhiavelha.pt\/en\/wp-json\/wp\/v2\/pages\/1470\/revisions\/3045"}],"wp:attachment":[{"href":"https:\/\/realcompanhiavelha.pt\/en\/wp-json\/wp\/v2\/media?parent=1470"}],"curies":[{"name":"wp","href":"https:\/\/api.w.org\/{rel}","templated":true}]}}