{"id":16,"date":"2025-12-10T15:30:10","date_gmt":"2025-12-10T15:30:10","guid":{"rendered":"https:\/\/realcompanhiavelha.pt\/?page_id=16"},"modified":"2025-12-16T09:48:59","modified_gmt":"2025-12-16T09:48:59","slug":"azeite","status":"publish","type":"page","link":"https:\/\/realcompanhiavelha.pt\/en\/azeite\/","title":{"rendered":"olive oil"},"content":{"rendered":"<div data-elementor-type=\"wp-page\" data-elementor-id=\"16\" class=\"elementor elementor-16\" data-elementor-post-type=\"page\">\n\t\t\t\t<div class=\"elementor-element elementor-element-f54763d e-flex e-con-boxed e-con e-parent\" data-id=\"f54763d\" data-element_type=\"container\">\n\t\t\t\t\t<div class=\"e-con-inner\">\n\t\t<div class=\"elementor-element elementor-element-f34585b e-con-full e-flex elementor-invisible e-con e-child\" data-id=\"f34585b\" data-element_type=\"container\" data-settings=\"{&quot;animation&quot;:&quot;fadeInLeft&quot;}\">\n\t\t<div class=\"elementor-element elementor-element-68896e9 e-con-full e-flex e-con e-child\" data-id=\"68896e9\" data-element_type=\"container\" data-settings=\"{&quot;background_background&quot;:&quot;classic&quot;}\">\n\t\t\t\t<div class=\"elementor-element elementor-element-0a54b2a elementor-widget elementor-widget-heading\" data-id=\"0a54b2a\" data-element_type=\"widget\" data-widget_type=\"heading.default\">\n\t\t\t\t\t<h2 class=\"elementor-heading-title elementor-size-default\"><a href=\"#azeite-carvalhas\">Quinta das carvalhas<\/a><\/h2>\t\t\t\t<\/div>\n\t\t\t\t<\/div>\n\t\t\t\t<div class=\"elementor-element elementor-element-a31e940 elementor-widget-divider--view-line elementor-widget elementor-widget-divider\" data-id=\"a31e940\" data-element_type=\"widget\" data-widget_type=\"divider.default\">\n\t\t\t\t\t\t\t<div class=\"elementor-divider\">\n\t\t\t<span class=\"elementor-divider-separator\">\n\t\t\t\t\t\t<\/span>\n\t\t<\/div>\n\t\t\t\t\t\t<\/div>\n\t\t<div class=\"elementor-element elementor-element-8360f48 e-con-full e-flex e-con e-child\" data-id=\"8360f48\" data-element_type=\"container\" data-settings=\"{&quot;background_background&quot;:&quot;classic&quot;}\">\n\t\t\t\t<div class=\"elementor-element elementor-element-4239ea9 elementor-widget elementor-widget-heading\" data-id=\"4239ea9\" data-element_type=\"widget\" data-widget_type=\"heading.default\">\n\t\t\t\t\t<h2 class=\"elementor-heading-title elementor-size-default\"><a href=\"#azeite-aciprestes\">Quinta dos aciprestes<\/a><\/h2>\t\t\t\t<\/div>\n\t\t\t\t<\/div>\n\t\t\t\t<\/div>\n\t\t<div class=\"elementor-element elementor-element-3552285 e-con-full e-flex elementor-invisible e-con e-child\" data-id=\"3552285\" data-element_type=\"container\" data-settings=\"{&quot;animation&quot;:&quot;fadeInRight&quot;}\">\n\t\t\t\t<div class=\"elementor-element elementor-element-08fb0b8 elementor-widget elementor-widget-heading\" data-id=\"08fb0b8\" data-element_type=\"widget\" data-widget_type=\"heading.default\">\n\t\t\t\t\t<h1 class=\"elementor-heading-title elementor-size-default\">our olive oil<\/h1>\t\t\t\t<\/div>\n\t\t<div class=\"elementor-element elementor-element-ba2efa8 e-con-full e-flex e-con e-child\" data-id=\"ba2efa8\" data-element_type=\"container\">\n\t\t\t\t<div class=\"elementor-element elementor-element-55b10b3 elementor-widget elementor-widget-text-editor\" data-id=\"55b10b3\" data-element_type=\"widget\" data-widget_type=\"text-editor.default\">\n\t\t\t\t\t\t\t\t\t<p>Olive-growing exists in the Douro Valley since the time of the first Roman occupation of the region. Both viticulture and olive-growing were trademarks of Roman occupation, and they implemented the appropriate conditions, techniques and knowledge in the culture of the vine and olive. Douro's mediterranean climate, together with its poor shist soils, offer the perfect conditions for the production of very aromatic and flavorful olive oils.<\/p>\t\t\t\t\t\t\t\t<\/div>\n\t\t\t\t<div class=\"elementor-element elementor-element-bee9931 elementor-widget elementor-widget-text-editor\" data-id=\"bee9931\" data-element_type=\"widget\" data-widget_type=\"text-editor.default\">\n\t\t\t\t\t\t\t\t\t<p>With over 37 hectars of Olive groves between Quinta das Carvalhas and Quinta dos Aciprestes, we benefit from a diversity of centenary parcels and classic olive varieties for the production of two different olive oils.<\/p>\t\t\t\t\t\t\t\t<\/div>\n\t\t\t\t<\/div>\n\t\t\t\t<\/div>\n\t\t\t\t\t<\/div>\n\t\t\t\t<\/div>\n\t\t<div class=\"elementor-element elementor-element-fb7728f e-flex e-con-boxed e-con e-parent\" data-id=\"fb7728f\" data-element_type=\"container\" id=\"azeite-carvalhas\" data-settings=\"{&quot;background_background&quot;:&quot;classic&quot;}\">\n\t\t\t\t\t<div class=\"e-con-inner\">\n\t\t<div class=\"elementor-element elementor-element-3197a80 e-con-full e-flex elementor-invisible e-con e-child\" data-id=\"3197a80\" data-element_type=\"container\" data-settings=\"{&quot;animation&quot;:&quot;fadeInLeft&quot;}\">\n\t\t\t\t<div class=\"elementor-element elementor-element-625cb1b elementor-widget elementor-widget-heading\" data-id=\"625cb1b\" data-element_type=\"widget\" data-widget_type=\"heading.default\">\n\t\t\t\t\t<h1 class=\"elementor-heading-title elementor-size-default\">QUINTA DAS CARVALHAS<\/h1>\t\t\t\t<\/div>\n\t\t<div class=\"elementor-element elementor-element-d417ab7 e-con-full e-flex e-con e-child\" data-id=\"d417ab7\" data-element_type=\"container\">\n\t\t\t\t<div class=\"elementor-element elementor-element-c608c43 elementor-widget elementor-widget-text-editor\" data-id=\"c608c43\" data-element_type=\"widget\" data-widget_type=\"text-editor.default\">\n\t\t\t\t\t\t\t\t\t<p>Quinta das Carvalhas\u2019 olive grove is planted on a shale soil terrain with steep inclinations. Most of our olive trees are older than one century; in which we apply a biological method of production. Within each grove, we have a diverse mixture of varieties which include: Cordovil, Negrucha, Coimbreia, Madural, Molar and Verdeal.<\/p>\t\t\t\t\t\t\t\t<\/div>\n\t\t\t\t<div class=\"elementor-element elementor-element-f2e94dc elementor-widget elementor-widget-text-editor\" data-id=\"f2e94dc\" data-element_type=\"widget\" data-widget_type=\"text-editor.default\">\n\t\t\t\t\t\t\t\t\t<p>At Quinta das Carvalhas our approach to oliviculture is very traditional in which we respect all ancestral precedures and when it comes to the culture of the olive.<\/p>\t\t\t\t\t\t\t\t<\/div>\n\t\t\t\t<div class=\"elementor-element elementor-element-8529dba elementor-widget elementor-widget-text-editor\" data-id=\"8529dba\" data-element_type=\"widget\" data-widget_type=\"text-editor.default\">\n\t\t\t\t\t\t\t\t\t<p>The harvest is done manually between December and January; with the traditional method of buckling onto large sheets placed right bellow each olive tree. We transport the freshly picked olives in 20kg boxes to the oil mil where the olives are carefully separated from any remaining leaves and the oil is extracted at very low temperatures ensuring the preservation of its qualities in terms of flavour and aroma.<\/p>\t\t\t\t\t\t\t\t<\/div>\n\t\t\t\t<div class=\"elementor-element elementor-element-6a7bb36 elementor-widget elementor-widget-text-editor\" data-id=\"6a7bb36\" data-element_type=\"widget\" data-widget_type=\"text-editor.default\">\n\t\t\t\t\t\t\t\t\t<p>We produce an olive oil of superior quality, rich in aromas and intense in flavours. It shows good ripeness and good structure, with slight fruity notes and excellent taste. We recommend this olive oil with fine, crispy bread, bruschettas or for seasoning.<\/p>\t\t\t\t\t\t\t\t<\/div>\n\t\t\t\t<\/div>\n\t\t\t\t<\/div>\n\t\t<div class=\"elementor-element elementor-element-713a8c0 e-con-full e-flex elementor-invisible e-con e-child\" data-id=\"713a8c0\" data-element_type=\"container\" data-settings=\"{&quot;animation&quot;:&quot;fadeInRight&quot;}\">\n\t\t\t\t<div class=\"elementor-element elementor-element-c52f0fe elementor-widget elementor-widget-image\" data-id=\"c52f0fe\" data-element_type=\"widget\" data-widget_type=\"image.default\">\n\t\t\t\t\t\t\t\t\t\t\t\t\t\t\t<img fetchpriority=\"high\" decoding=\"async\" width=\"250\" height=\"632\" src=\"https:\/\/realcompanhiavelha.pt\/wp-content\/uploads\/2025\/12\/azeite-carvalhas.webp\" class=\"attachment-full size-full wp-image-509\" alt=\"garrafa azeite carvalhas\" srcset=\"https:\/\/realcompanhiavelha.pt\/wp-content\/uploads\/2025\/12\/azeite-carvalhas.webp 250w, https:\/\/realcompanhiavelha.pt\/wp-content\/uploads\/2025\/12\/azeite-carvalhas-119x300.webp 119w\" sizes=\"(max-width: 250px) 100vw, 250px\" \/>\t\t\t\t\t\t\t\t\t\t\t\t\t\t\t<\/div>\n\t\t\t\t<\/div>\n\t\t\t\t\t<\/div>\n\t\t\t\t<\/div>\n\t\t<div class=\"elementor-element elementor-element-6e1db80 e-flex e-con-boxed e-con e-parent\" data-id=\"6e1db80\" data-element_type=\"container\" id=\"azeite-aciprestes\" data-settings=\"{&quot;background_background&quot;:&quot;classic&quot;}\">\n\t\t\t\t\t<div class=\"e-con-inner\">\n\t\t<div class=\"elementor-element elementor-element-448d0f8 e-con-full e-flex elementor-invisible e-con e-child\" data-id=\"448d0f8\" data-element_type=\"container\" data-settings=\"{&quot;animation&quot;:&quot;fadeInLeft&quot;}\">\n\t\t\t\t<div class=\"elementor-element elementor-element-2f43fcf elementor-widget elementor-widget-image\" data-id=\"2f43fcf\" data-element_type=\"widget\" data-widget_type=\"image.default\">\n\t\t\t\t\t\t\t\t\t\t\t\t\t\t\t<img decoding=\"async\" width=\"266\" height=\"648\" src=\"https:\/\/realcompanhiavelha.pt\/wp-content\/uploads\/2025\/12\/azeite-aciprestes-1.webp\" class=\"attachment-full size-full wp-image-522\" alt=\"garrafa azeite aciprestes\" srcset=\"https:\/\/realcompanhiavelha.pt\/wp-content\/uploads\/2025\/12\/azeite-aciprestes-1.webp 266w, https:\/\/realcompanhiavelha.pt\/wp-content\/uploads\/2025\/12\/azeite-aciprestes-1-123x300.webp 123w\" sizes=\"(max-width: 266px) 100vw, 266px\" \/>\t\t\t\t\t\t\t\t\t\t\t\t\t\t\t<\/div>\n\t\t\t\t<\/div>\n\t\t<div class=\"elementor-element elementor-element-831c16c e-con-full e-flex elementor-invisible e-con e-child\" data-id=\"831c16c\" data-element_type=\"container\" data-settings=\"{&quot;animation&quot;:&quot;fadeInRight&quot;}\">\n\t\t\t\t<div class=\"elementor-element elementor-element-106b49f elementor-widget elementor-widget-heading\" data-id=\"106b49f\" data-element_type=\"widget\" data-widget_type=\"heading.default\">\n\t\t\t\t\t<h1 class=\"elementor-heading-title elementor-size-default\">Quinta dos Aciprestes<\/h1>\t\t\t\t<\/div>\n\t\t<div class=\"elementor-element elementor-element-105dc50 e-con-full e-flex e-con e-child\" data-id=\"105dc50\" data-element_type=\"container\">\n\t\t\t\t<div class=\"elementor-element elementor-element-510e0ea elementor-widget elementor-widget-text-editor\" data-id=\"510e0ea\" data-element_type=\"widget\" data-widget_type=\"text-editor.default\">\n\t\t\t\t\t\t\t\t\t<p>The olive oil at Quinta dos Aciprestes originates right in the bosom of this famous Estate, which is located right in front of the mouth of the tributary River Tua, in the heart of the Cima Corgo sub region of the Douro Valley. The Quinta, known for its powerful reds, presents a very austere terroir with a very extreme climate both in winter and summer, poor shale soils and lack of water. These factors benefit the quality of our reds; yet show immense potential for the culture of the olive.<\/p>\t\t\t\t\t\t\t\t<\/div>\n\t\t\t\t<div class=\"elementor-element elementor-element-f5317d6 elementor-widget elementor-widget-text-editor\" data-id=\"f5317d6\" data-element_type=\"widget\" data-widget_type=\"text-editor.default\">\n\t\t\t\t\t\t\t\t\t<p>Originating from the mediterranian, the olives at the Estate are over a century old, and cover an area of 11ha, not including individual trees bordering the slope. It is a traditional olive grove, with no irrigation, planted on terraces, which are supported by traditional shale walls. Although we may find classic varieties such as Cordovil, Negrucha, Madural and Verdeal, the grove is planted in a field blend manner with many local varieties mixed in one parcel; just like the old vines of the region.<\/p>\t\t\t\t\t\t\t\t<\/div>\n\t\t\t\t<div class=\"elementor-element elementor-element-93ece06 elementor-widget elementor-widget-text-editor\" data-id=\"93ece06\" data-element_type=\"widget\" data-widget_type=\"text-editor.default\">\n\t\t\t\t\t\t\t\t\t<p>Olives are hand picked during the last few days of October or early November, in order to preserve the aromatic side of this olive oil and enhance is flavours and spicy nuances.<\/p>\t\t\t\t\t\t\t\t<\/div>\n\t\t\t\t<\/div>\n\t\t\t\t<\/div>\n\t\t\t\t\t<\/div>\n\t\t\t\t<\/div>\n\t\t\t\t<\/div>","protected":false},"excerpt":{"rendered":"<p>Quinta das carvalhas Quinta dos aciprestes O nosso azeite A olivicultura no Douro existe, primordialmente, desde a \u00e9poca em que os primeiros povos Romanos se instalaram na regi\u00e3o. A promo\u00e7\u00e3o da viticultura e olivicultura foi desde sempre um dos principais marcos da ocupa\u00e7\u00e3o Romana na Pen\u00ednsula Ib\u00e9rica, tendo estes criado as condi\u00e7\u00f5es, implementado as t\u00e9cnicas [&hellip;]<\/p>","protected":false},"author":1,"featured_media":0,"parent":0,"menu_order":0,"comment_status":"closed","ping_status":"closed","template":"elementor_header_footer","meta":{"footnotes":""},"class_list":["post-16","page","type-page","status-publish","hentry"],"_links":{"self":[{"href":"https:\/\/realcompanhiavelha.pt\/en\/wp-json\/wp\/v2\/pages\/16","targetHints":{"allow":["GET"]}}],"collection":[{"href":"https:\/\/realcompanhiavelha.pt\/en\/wp-json\/wp\/v2\/pages"}],"about":[{"href":"https:\/\/realcompanhiavelha.pt\/en\/wp-json\/wp\/v2\/types\/page"}],"author":[{"embeddable":true,"href":"https:\/\/realcompanhiavelha.pt\/en\/wp-json\/wp\/v2\/users\/1"}],"replies":[{"embeddable":true,"href":"https:\/\/realcompanhiavelha.pt\/en\/wp-json\/wp\/v2\/comments?post=16"}],"version-history":[{"count":12,"href":"https:\/\/realcompanhiavelha.pt\/en\/wp-json\/wp\/v2\/pages\/16\/revisions"}],"predecessor-version":[{"id":1162,"href":"https:\/\/realcompanhiavelha.pt\/en\/wp-json\/wp\/v2\/pages\/16\/revisions\/1162"}],"wp:attachment":[{"href":"https:\/\/realcompanhiavelha.pt\/en\/wp-json\/wp\/v2\/media?parent=16"}],"curies":[{"name":"wp","href":"https:\/\/api.w.org\/{rel}","templated":true}]}}