{"id":364,"date":"2025-12-12T11:25:12","date_gmt":"2025-12-12T11:25:12","guid":{"rendered":"https:\/\/realcompanhiavelha.pt\/?page_id=364"},"modified":"2025-12-22T12:08:24","modified_gmt":"2025-12-22T12:08:24","slug":"douro-evel","status":"publish","type":"page","link":"https:\/\/realcompanhiavelha.pt\/en\/douro-evel\/","title":{"rendered":"Vinhos &#8211; Douro Evel"},"content":{"rendered":"<div data-elementor-type=\"wp-page\" data-elementor-id=\"364\" class=\"elementor elementor-364\" data-elementor-post-type=\"page\">\n\t\t\t\t<div class=\"elementor-element elementor-element-f8f06c1 e-flex e-con-boxed e-con e-parent\" data-id=\"f8f06c1\" data-element_type=\"container\">\n\t\t\t\t\t<div class=\"e-con-inner\">\n\t\t<div class=\"elementor-element elementor-element-4967e6f e-con-full elementor-hidden-tablet elementor-hidden-mobile e-flex e-con e-child\" data-id=\"4967e6f\" data-element_type=\"container\">\n\t\t<div class=\"elementor-element elementor-element-bf55661 e-con-full e-flex e-con e-child\" data-id=\"bf55661\" data-element_type=\"container\" data-settings=\"{&quot;background_background&quot;:&quot;classic&quot;}\">\n\t\t\t\t<div class=\"elementor-element elementor-element-f466b60 elementor-widget elementor-widget-heading\" data-id=\"f466b60\" data-element_type=\"widget\" data-widget_type=\"heading.default\">\n\t\t\t\t\t<h2 class=\"elementor-heading-title elementor-size-default\">Port Wines<\/h2>\t\t\t\t<\/div>\n\t\t\t\t<\/div>\n\t\t<div class=\"elementor-element elementor-element-b0fbb5f e-con-full e-flex e-con e-child\" data-id=\"b0fbb5f\" data-element_type=\"container\">\n\t\t<div class=\"elementor-element elementor-element-291f3ed e-con-full e-flex e-con e-child\" data-id=\"291f3ed\" data-element_type=\"container\" data-settings=\"{&quot;background_background&quot;:&quot;classic&quot;}\">\n\t\t\t\t<div class=\"elementor-element elementor-element-88798a2 elementor-widget elementor-widget-heading\" data-id=\"88798a2\" data-element_type=\"widget\" data-widget_type=\"heading.default\">\n\t\t\t\t\t<h2 class=\"elementor-heading-title elementor-size-default\"><a href=\"https:\/\/realcompanhiavelha.pt\/en\/porto-royal-oporto\/\">Royal Oporto<\/a><\/h2>\t\t\t\t<\/div>\n\t\t\t\t<\/div>\n\t\t<div class=\"elementor-element elementor-element-432e5dc e-con-full e-flex e-con e-child\" data-id=\"432e5dc\" data-element_type=\"container\" data-settings=\"{&quot;background_background&quot;:&quot;classic&quot;}\">\n\t\t\t\t<div class=\"elementor-element elementor-element-a86e299 elementor-widget elementor-widget-heading\" data-id=\"a86e299\" data-element_type=\"widget\" data-widget_type=\"heading.default\">\n\t\t\t\t\t<h2 class=\"elementor-heading-title elementor-size-default\"><a href=\"https:\/\/quintadascarvalhas.pt\/vinhos-do-porto\/\" target=\"_blank\">Quinta das Carvalhas<\/a><\/h2>\t\t\t\t<\/div>\n\t\t\t\t<\/div>\n\t\t<div class=\"elementor-element elementor-element-dc9fc93 e-con-full e-flex e-con e-child\" data-id=\"dc9fc93\" data-element_type=\"container\" data-settings=\"{&quot;background_background&quot;:&quot;classic&quot;}\">\n\t\t\t\t<div class=\"elementor-element elementor-element-d8c4bf5 elementor-widget elementor-widget-heading\" data-id=\"d8c4bf5\" data-element_type=\"widget\" data-widget_type=\"heading.default\">\n\t\t\t\t\t<h2 class=\"elementor-heading-title elementor-size-default\"><a href=\"https:\/\/www.delaforce.pt\/\" target=\"_blank\">Delaforce<\/a><\/h2>\t\t\t\t<\/div>\n\t\t\t\t<\/div>\n\t\t<div class=\"elementor-element elementor-element-b4a3f56 e-con-full e-flex e-con e-child\" data-id=\"b4a3f56\" data-element_type=\"container\" data-settings=\"{&quot;background_background&quot;:&quot;classic&quot;}\">\n\t\t\t\t<div class=\"elementor-element elementor-element-9cd42fe elementor-widget elementor-widget-heading\" data-id=\"9cd42fe\" data-element_type=\"widget\" data-widget_type=\"heading.default\">\n\t\t\t\t\t<h2 class=\"elementor-heading-title elementor-size-default\"><a href=\"https:\/\/realcompanhiavelha.pt\/en\/porto-real-companhia-velha\/\">Real Companhia Velha<\/a><\/h2>\t\t\t\t<\/div>\n\t\t\t\t<\/div>\n\t\t<div class=\"elementor-element elementor-element-7cec7ea e-con-full e-flex e-con e-child\" data-id=\"7cec7ea\" data-element_type=\"container\" data-settings=\"{&quot;background_background&quot;:&quot;classic&quot;}\">\n\t\t\t\t<div class=\"elementor-element elementor-element-39d55fb elementor-widget elementor-widget-heading\" data-id=\"39d55fb\" data-element_type=\"widget\" data-widget_type=\"heading.default\">\n\t\t\t\t\t<h2 class=\"elementor-heading-title elementor-size-default\"><a href=\"https:\/\/realcompanhiavelha.pt\/en\/porto-silva-reis\/\">Silva Reis<\/a><\/h2>\t\t\t\t<\/div>\n\t\t\t\t<\/div>\n\t\t\t\t<\/div>\n\t\t<div class=\"elementor-element elementor-element-1fc0c4b e-con-full e-flex e-con e-child\" data-id=\"1fc0c4b\" data-element_type=\"container\" data-settings=\"{&quot;background_background&quot;:&quot;classic&quot;}\">\n\t\t\t\t<div class=\"elementor-element elementor-element-e9c9eb9 elementor-widget elementor-widget-heading\" data-id=\"e9c9eb9\" data-element_type=\"widget\" data-widget_type=\"heading.default\">\n\t\t\t\t\t<h2 class=\"elementor-heading-title elementor-size-default\">Douro<\/h2>\t\t\t\t<\/div>\n\t\t\t\t<\/div>\n\t\t<div class=\"elementor-element elementor-element-837bc8e e-con-full e-flex e-con e-child\" data-id=\"837bc8e\" data-element_type=\"container\">\n\t\t<div class=\"elementor-element elementor-element-c630d35 e-con-full e-flex e-con e-child\" data-id=\"c630d35\" data-element_type=\"container\" data-settings=\"{&quot;background_background&quot;:&quot;classic&quot;}\">\n\t\t\t\t<div class=\"elementor-element elementor-element-c8dc331 elementor-widget elementor-widget-heading\" data-id=\"c8dc331\" data-element_type=\"widget\" data-widget_type=\"heading.default\">\n\t\t\t\t\t<h2 class=\"elementor-heading-title elementor-size-default\"><a href=\"https:\/\/quintadascarvalhas.pt\/vinhos-do-douro\/\" target=\"_blank\">Quinta das Carvalhas<\/a><\/h2>\t\t\t\t<\/div>\n\t\t\t\t<\/div>\n\t\t<div class=\"elementor-element elementor-element-c5226f9 e-con-full e-flex e-con e-child\" data-id=\"c5226f9\" data-element_type=\"container\" data-settings=\"{&quot;background_background&quot;:&quot;classic&quot;}\">\n\t\t\t\t<div class=\"elementor-element elementor-element-d9ad05a elementor-widget elementor-widget-heading\" data-id=\"d9ad05a\" data-element_type=\"widget\" data-widget_type=\"heading.default\">\n\t\t\t\t\t<h2 class=\"elementor-heading-title elementor-size-default\"><a href=\"https:\/\/realcompanhiavelha.pt\/en\/douro-quinta-de-cidro\/\">Quinta de Cidr\u00f4<\/a><\/h2>\t\t\t\t<\/div>\n\t\t\t\t<\/div>\n\t\t<div class=\"elementor-element elementor-element-00ec403 e-con-full e-flex e-con e-child\" data-id=\"00ec403\" data-element_type=\"container\" data-settings=\"{&quot;background_background&quot;:&quot;classic&quot;}\">\n\t\t\t\t<div class=\"elementor-element elementor-element-956f569 elementor-widget elementor-widget-heading\" data-id=\"956f569\" data-element_type=\"widget\" data-widget_type=\"heading.default\">\n\t\t\t\t\t<h2 class=\"elementor-heading-title elementor-size-default\"><a href=\"https:\/\/realcompanhiavelha.pt\/en\/douro-quinta-dos-aciprestes\/\">Quinta dos Aciprestes<\/a><\/h2>\t\t\t\t<\/div>\n\t\t\t\t<\/div>\n\t\t<div class=\"elementor-element elementor-element-bc82bc5 e-con-full e-flex e-con e-child\" data-id=\"bc82bc5\" data-element_type=\"container\" data-settings=\"{&quot;background_background&quot;:&quot;classic&quot;}\">\n\t\t\t\t<div class=\"elementor-element elementor-element-4a6132c elementor-widget elementor-widget-heading\" data-id=\"4a6132c\" data-element_type=\"widget\" data-widget_type=\"heading.default\">\n\t\t\t\t\t<h2 class=\"elementor-heading-title elementor-size-default\"><a href=\"https:\/\/realcompanhiavelha.pt\/en\/douro-evel\/\">Evel<\/a><\/h2>\t\t\t\t<\/div>\n\t\t\t\t<\/div>\n\t\t<div class=\"elementor-element elementor-element-8fc902f e-con-full e-flex e-con e-child\" data-id=\"8fc902f\" data-element_type=\"container\" data-settings=\"{&quot;background_background&quot;:&quot;classic&quot;}\">\n\t\t\t\t<div class=\"elementor-element elementor-element-317679e elementor-widget elementor-widget-heading\" data-id=\"317679e\" data-element_type=\"widget\" data-widget_type=\"heading.default\">\n\t\t\t\t\t<h2 class=\"elementor-heading-title elementor-size-default\"><a href=\"https:\/\/realcompanhiavelha.pt\/en\/douro-porca-de-murca\/\">Porca de mur\u00e7a<\/a><\/h2>\t\t\t\t<\/div>\n\t\t\t\t<\/div>\n\t\t<div class=\"elementor-element elementor-element-1774a55 e-con-full e-flex e-con e-child\" data-id=\"1774a55\" data-element_type=\"container\" data-settings=\"{&quot;background_background&quot;:&quot;classic&quot;}\">\n\t\t\t\t<div class=\"elementor-element elementor-element-660a1e8 elementor-widget elementor-widget-heading\" data-id=\"660a1e8\" data-element_type=\"widget\" data-widget_type=\"heading.default\">\n\t\t\t\t\t<h2 class=\"elementor-heading-title elementor-size-default\"><a href=\"https:\/\/realcompanhiavelha.com\/dandy\/\" target=\"_blank\">Dandy de Cidr\u00f4<\/a><\/h2>\t\t\t\t<\/div>\n\t\t\t\t<\/div>\n\t\t<div class=\"elementor-element elementor-element-99f64dd e-con-full e-flex e-con e-child\" data-id=\"99f64dd\" data-element_type=\"container\" data-settings=\"{&quot;background_background&quot;:&quot;classic&quot;}\">\n\t\t\t\t<div class=\"elementor-element elementor-element-864fd8f elementor-widget elementor-widget-heading\" data-id=\"864fd8f\" data-element_type=\"widget\" data-widget_type=\"heading.default\">\n\t\t\t\t\t<h2 class=\"elementor-heading-title elementor-size-default\"><a href=\"https:\/\/realcompanhiavelha.pt\/en\/douro-series\/\">Series Project<\/a><\/h2>\t\t\t\t<\/div>\n\t\t\t\t<\/div>\n\t\t<div class=\"elementor-element elementor-element-752a2cd e-con-full e-flex e-con e-child\" data-id=\"752a2cd\" data-element_type=\"container\" data-settings=\"{&quot;background_background&quot;:&quot;classic&quot;}\">\n\t\t\t\t<div class=\"elementor-element elementor-element-fb49281 elementor-widget elementor-widget-heading\" data-id=\"fb49281\" data-element_type=\"widget\" data-widget_type=\"heading.default\">\n\t\t\t\t\t<h2 class=\"elementor-heading-title elementor-size-default\"><a href=\"https:\/\/realcompanhiavelha.pt\/en\/douro-grandjo\/\">Grandj\u00f3<\/a><\/h2>\t\t\t\t<\/div>\n\t\t\t\t<\/div>\n\t\t\t\t<\/div>\n\t\t<div class=\"elementor-element elementor-element-621c07d e-con-full e-flex e-con e-child\" data-id=\"621c07d\" data-element_type=\"container\" data-settings=\"{&quot;background_background&quot;:&quot;classic&quot;}\">\n\t\t\t\t<div class=\"elementor-element elementor-element-ce0e9ca elementor-widget elementor-widget-heading\" data-id=\"ce0e9ca\" data-element_type=\"widget\" data-widget_type=\"heading.default\">\n\t\t\t\t\t<h2 class=\"elementor-heading-title elementor-size-default\">Sparkling wine<\/h2>\t\t\t\t<\/div>\n\t\t\t\t<\/div>\n\t\t<div class=\"elementor-element elementor-element-b64bb63 e-con-full e-flex e-con e-child\" data-id=\"b64bb63\" data-element_type=\"container\">\n\t\t<div class=\"elementor-element elementor-element-a40981b e-con-full e-flex e-con e-child\" data-id=\"a40981b\" data-element_type=\"container\" data-settings=\"{&quot;background_background&quot;:&quot;classic&quot;}\">\n\t\t\t\t<div class=\"elementor-element elementor-element-e7c203e elementor-widget elementor-widget-heading\" data-id=\"e7c203e\" data-element_type=\"widget\" data-widget_type=\"heading.default\">\n\t\t\t\t\t<h2 class=\"elementor-heading-title elementor-size-default\"><a href=\"https:\/\/realcompanhiavelha.pt\/en\/espumante-real-companhia-velha\/\">Real companhia velha<\/a><\/h2>\t\t\t\t<\/div>\n\t\t\t\t<\/div>\n\t\t\t\t<\/div>\n\t\t<div class=\"elementor-element elementor-element-6cfc6a5 e-con-full e-flex e-con e-child\" data-id=\"6cfc6a5\" data-element_type=\"container\" data-settings=\"{&quot;background_background&quot;:&quot;classic&quot;}\">\n\t\t\t\t<div class=\"elementor-element elementor-element-41d6599 elementor-widget elementor-widget-heading\" data-id=\"41d6599\" data-element_type=\"widget\" data-widget_type=\"heading.default\">\n\t\t\t\t\t<h2 class=\"elementor-heading-title elementor-size-default\">Moscatel<\/h2>\t\t\t\t<\/div>\n\t\t\t\t<\/div>\n\t\t<div class=\"elementor-element elementor-element-f2b2c1b e-con-full e-flex e-con e-child\" data-id=\"f2b2c1b\" data-element_type=\"container\">\n\t\t<div class=\"elementor-element elementor-element-5596a1c e-con-full e-flex e-con e-child\" data-id=\"5596a1c\" data-element_type=\"container\" data-settings=\"{&quot;background_background&quot;:&quot;classic&quot;}\">\n\t\t\t\t<div class=\"elementor-element elementor-element-b8159e3 elementor-widget elementor-widget-heading\" data-id=\"b8159e3\" data-element_type=\"widget\" data-widget_type=\"heading.default\">\n\t\t\t\t\t<h2 class=\"elementor-heading-title elementor-size-default\"><a href=\"https:\/\/realcompanhiavelha.pt\/en\/moscatel-real-companhia-velha\/\">Real companhia velha<\/a><\/h2>\t\t\t\t<\/div>\n\t\t\t\t<\/div>\n\t\t\t\t<\/div>\n\t\t\t\t<\/div>\n\t\t<div class=\"elementor-element elementor-element-d5b9f07 e-con-full e-flex elementor-invisible e-con e-child\" data-id=\"d5b9f07\" data-element_type=\"container\" data-settings=\"{&quot;animation&quot;:&quot;fadeIn&quot;}\">\n\t\t<div class=\"elementor-element elementor-element-c54dd95 e-con-full e-flex e-con e-child\" data-id=\"c54dd95\" data-element_type=\"container\" data-settings=\"{&quot;background_background&quot;:&quot;classic&quot;}\">\n\t\t\t\t<div class=\"elementor-element elementor-element-2646b86 elementor-widget elementor-widget-image\" data-id=\"2646b86\" data-element_type=\"widget\" data-widget_type=\"image.default\">\n\t\t\t\t\t\t\t\t\t\t\t\t\t\t\t<img decoding=\"async\" width=\"342\" height=\"135\" src=\"https:\/\/realcompanhiavelha.pt\/wp-content\/uploads\/2025\/12\/logo-vinho-evel.svg\" class=\"attachment-full size-full wp-image-1714\" alt=\"logo-vinho-evel\" \/>\t\t\t\t\t\t\t\t\t\t\t\t\t\t\t<\/div>\n\t\t\t\t<\/div>\n\t\t\t\t<div class=\"elementor-element elementor-element-57f9b36 elementor-widget elementor-widget-heading\" data-id=\"57f9b36\" data-element_type=\"widget\" data-widget_type=\"heading.default\">\n\t\t\t\t\t<h1 class=\"elementor-heading-title elementor-size-default\">DOURO wines - EVEL<\/h1>\t\t\t\t<\/div>\n\t\t<div class=\"elementor-element elementor-element-13c84cc e-con-full e-flex e-con e-child\" data-id=\"13c84cc\" data-element_type=\"container\">\n\t\t\t\t<div class=\"elementor-element elementor-element-1bb324b elementor-widget elementor-widget-text-editor\" data-id=\"1bb324b\" data-element_type=\"widget\" data-widget_type=\"text-editor.default\">\n\t\t\t\t\t\t\t\t\t<p>Evel is one of the oldest and most charismatic wine brands in Portugal, having been registered in 1913.<\/p>\t\t\t\t\t\t\t\t<\/div>\n\t\t\t\t<div class=\"elementor-element elementor-element-77e29ef elementor-widget elementor-widget-text-editor\" data-id=\"77e29ef\" data-element_type=\"widget\" data-widget_type=\"text-editor.default\">\n\t\t\t\t\t\t\t\t\t<p>With no specific meaning, the word Evel is a derivative of its anagram: Leve (light).<\/p>\t\t\t\t\t\t\t\t<\/div>\n\t\t\t\t<div class=\"elementor-element elementor-element-c0ffc95 elementor-widget elementor-widget-text-editor\" data-id=\"c0ffc95\" data-element_type=\"widget\" data-widget_type=\"text-editor.default\">\n\t\t\t\t\t\t\t\t\t<p>The brand name was chosen with the intention of describing its tasting characteristics, which are maintained until this day: an elegant, smooth and enjoyable wine.<\/p>\t\t\t\t\t\t\t\t<\/div>\n\t\t\t\t<div class=\"elementor-element elementor-element-61f6910 elementor-widget elementor-widget-text-editor\" data-id=\"61f6910\" data-element_type=\"widget\" data-widget_type=\"text-editor.default\">\n\t\t\t\t\t\t\t\t\t<p>Evel was a constantly a preferential choice for the offcial menus of the Portuguese Republic,  and therefore becaming highly popular in the beginning of the 1950\u2019s, as result of the appointment to \u201cOffical supplier of the Portuguese Presidency\u201d, a title which the company proudly carried on the lable.<\/p>\t\t\t\t\t\t\t\t<\/div>\n\t\t\t\t<\/div>\n\t\t<div class=\"elementor-element elementor-element-fdda849 e-con-full e-flex e-con e-child\" data-id=\"fdda849\" data-element_type=\"container\">\n\t\t<a class=\"elementor-element elementor-element-35ec561 e-con-full card-vinho e-flex e-con e-child\" data-id=\"35ec561\" data-element_type=\"container\" href=\"https:\/\/realcompanhiavelha.pt\/en\/douro-evel-branco\/\">\n\t\t<div class=\"elementor-element elementor-element-597a552 e-con-full e-flex e-con e-child\" data-id=\"597a552\" data-element_type=\"container\">\n\t\t\t\t<div class=\"elementor-element elementor-element-2078829 garrafa elementor-widget elementor-widget-image\" data-id=\"2078829\" data-element_type=\"widget\" data-widget_type=\"image.default\">\n\t\t\t\t\t\t\t\t\t\t\t\t\t\t\t<img fetchpriority=\"high\" decoding=\"async\" width=\"220\" height=\"678\" src=\"https:\/\/realcompanhiavelha.pt\/wp-content\/uploads\/2025\/12\/branco_2.webp\" class=\"attachment-full size-full wp-image-1708\" alt=\"vinho branco\" srcset=\"https:\/\/realcompanhiavelha.pt\/wp-content\/uploads\/2025\/12\/branco_2.webp 220w, https:\/\/realcompanhiavelha.pt\/wp-content\/uploads\/2025\/12\/branco_2-97x300.webp 97w\" sizes=\"(max-width: 220px) 100vw, 220px\" \/>\t\t\t\t\t\t\t\t\t\t\t\t\t\t\t<\/div>\n\t\t\t\t<\/div>\n\t\t<div class=\"elementor-element elementor-element-aff1a3a e-con-full e-flex e-con e-child\" data-id=\"aff1a3a\" data-element_type=\"container\">\n\t\t\t\t<div class=\"elementor-element elementor-element-025f9b1 elementor-widget elementor-widget-heading\" data-id=\"025f9b1\" data-element_type=\"widget\" data-widget_type=\"heading.default\">\n\t\t\t\t\t<h2 class=\"elementor-heading-title elementor-size-default\">Evel<\/h2>\t\t\t\t<\/div>\n\t\t\t\t<div class=\"elementor-element elementor-element-be1eb02 wine-name elementor-widget elementor-widget-heading\" data-id=\"be1eb02\" data-element_type=\"widget\" data-widget_type=\"heading.default\">\n\t\t\t\t\t<h2 class=\"elementor-heading-title elementor-size-default\">WHITE<\/h2>\t\t\t\t<\/div>\n\t\t\t\t<\/div>\n\t\t\t\t<\/a>\n\t\t<a class=\"elementor-element elementor-element-88ae8b5 e-con-full card-vinho e-flex e-con e-child\" data-id=\"88ae8b5\" data-element_type=\"container\" href=\"https:\/\/realcompanhiavelha.pt\/en\/douro-evel-tinto\/\">\n\t\t<div class=\"elementor-element elementor-element-77fe719 e-con-full e-flex e-con e-child\" data-id=\"77fe719\" data-element_type=\"container\">\n\t\t\t\t<div class=\"elementor-element elementor-element-e093043 garrafa elementor-widget elementor-widget-image\" data-id=\"e093043\" data-element_type=\"widget\" data-widget_type=\"image.default\">\n\t\t\t\t\t\t\t\t\t\t\t\t\t\t\t<img decoding=\"async\" width=\"220\" height=\"678\" src=\"https:\/\/realcompanhiavelha.pt\/wp-content\/uploads\/2025\/12\/tinto_2.webp\" class=\"attachment-full size-full wp-image-1712\" alt=\"vinho tinto\" srcset=\"https:\/\/realcompanhiavelha.pt\/wp-content\/uploads\/2025\/12\/tinto_2.webp 220w, https:\/\/realcompanhiavelha.pt\/wp-content\/uploads\/2025\/12\/tinto_2-97x300.webp 97w\" sizes=\"(max-width: 220px) 100vw, 220px\" \/>\t\t\t\t\t\t\t\t\t\t\t\t\t\t\t<\/div>\n\t\t\t\t<\/div>\n\t\t<div class=\"elementor-element elementor-element-2a80957 e-con-full e-flex e-con e-child\" data-id=\"2a80957\" data-element_type=\"container\">\n\t\t\t\t<div class=\"elementor-element elementor-element-50011d3 elementor-widget elementor-widget-heading\" data-id=\"50011d3\" data-element_type=\"widget\" data-widget_type=\"heading.default\">\n\t\t\t\t\t<h2 class=\"elementor-heading-title elementor-size-default\">Evel<\/h2>\t\t\t\t<\/div>\n\t\t\t\t<div class=\"elementor-element elementor-element-5558525 wine-name elementor-widget elementor-widget-heading\" data-id=\"5558525\" data-element_type=\"widget\" data-widget_type=\"heading.default\">\n\t\t\t\t\t<h2 class=\"elementor-heading-title elementor-size-default\">Red<\/h2>\t\t\t\t<\/div>\n\t\t\t\t<\/div>\n\t\t\t\t<\/a>\n\t\t<a class=\"elementor-element elementor-element-b01af84 e-con-full card-vinho e-flex e-con e-child\" data-id=\"b01af84\" data-element_type=\"container\" href=\"https:\/\/realcompanhiavelha.pt\/en\/douro-evel-reserva\/\">\n\t\t<div class=\"elementor-element elementor-element-441713a e-con-full e-flex e-con e-child\" data-id=\"441713a\" data-element_type=\"container\">\n\t\t\t\t<div class=\"elementor-element elementor-element-0034efe garrafa elementor-widget elementor-widget-image\" data-id=\"0034efe\" data-element_type=\"widget\" data-widget_type=\"image.default\">\n\t\t\t\t\t\t\t\t\t\t\t\t\t\t\t<img loading=\"lazy\" decoding=\"async\" width=\"220\" height=\"678\" src=\"https:\/\/realcompanhiavelha.pt\/wp-content\/uploads\/2025\/12\/reserva.webp\" class=\"attachment-full size-full wp-image-1713\" alt=\"vinho reserva\" srcset=\"https:\/\/realcompanhiavelha.pt\/wp-content\/uploads\/2025\/12\/reserva.webp 220w, https:\/\/realcompanhiavelha.pt\/wp-content\/uploads\/2025\/12\/reserva-97x300.webp 97w\" sizes=\"(max-width: 220px) 100vw, 220px\" \/>\t\t\t\t\t\t\t\t\t\t\t\t\t\t\t<\/div>\n\t\t\t\t<\/div>\n\t\t<div class=\"elementor-element elementor-element-1138cca e-con-full e-flex e-con e-child\" data-id=\"1138cca\" data-element_type=\"container\">\n\t\t\t\t<div class=\"elementor-element elementor-element-4c0ceeb elementor-widget elementor-widget-heading\" data-id=\"4c0ceeb\" data-element_type=\"widget\" data-widget_type=\"heading.default\">\n\t\t\t\t\t<h2 class=\"elementor-heading-title elementor-size-default\">Evel<\/h2>\t\t\t\t<\/div>\n\t\t\t\t<div class=\"elementor-element elementor-element-1d26608 wine-name elementor-widget elementor-widget-heading\" data-id=\"1d26608\" data-element_type=\"widget\" data-widget_type=\"heading.default\">\n\t\t\t\t\t<h2 class=\"elementor-heading-title elementor-size-default\">Reserva<\/h2>\t\t\t\t<\/div>\n\t\t\t\t<\/div>\n\t\t\t\t<\/a>\n\t\t\t\t<\/div>\n\t\t\t\t<\/div>\n\t\t\t\t\t<\/div>\n\t\t\t\t<\/div>\n\t\t\t\t<\/div>","protected":false},"excerpt":{"rendered":"<p>Vinhos do Porto Royal Oporto Quinta das Carvalhas Delaforce Real Companhia Velha Silva Reis Douro Quinta das Carvalhas Quinta de Cidr\u00f4 Quinta dos Aciprestes Evel Porca de mur\u00e7a Dandy de Cidr\u00f4 Projeto s\u00e9ries Grandj\u00f3 Espumantes Real companhia velha Moscatel Real companhia velha VINHOS DO DOURO &#8211; EVEL Evel \u00e9 uma das mais antigas e carism\u00e1ticas [&hellip;]<\/p>","protected":false},"author":1,"featured_media":0,"parent":0,"menu_order":0,"comment_status":"closed","ping_status":"closed","template":"elementor_header_footer","meta":{"footnotes":""},"class_list":["post-364","page","type-page","status-publish","hentry"],"_links":{"self":[{"href":"https:\/\/realcompanhiavelha.pt\/en\/wp-json\/wp\/v2\/pages\/364","targetHints":{"allow":["GET"]}}],"collection":[{"href":"https:\/\/realcompanhiavelha.pt\/en\/wp-json\/wp\/v2\/pages"}],"about":[{"href":"https:\/\/realcompanhiavelha.pt\/en\/wp-json\/wp\/v2\/types\/page"}],"author":[{"embeddable":true,"href":"https:\/\/realcompanhiavelha.pt\/en\/wp-json\/wp\/v2\/users\/1"}],"replies":[{"embeddable":true,"href":"https:\/\/realcompanhiavelha.pt\/en\/wp-json\/wp\/v2\/comments?post=364"}],"version-history":[{"count":12,"href":"https:\/\/realcompanhiavelha.pt\/en\/wp-json\/wp\/v2\/pages\/364\/revisions"}],"predecessor-version":[{"id":2457,"href":"https:\/\/realcompanhiavelha.pt\/en\/wp-json\/wp\/v2\/pages\/364\/revisions\/2457"}],"wp:attachment":[{"href":"https:\/\/realcompanhiavelha.pt\/en\/wp-json\/wp\/v2\/media?parent=364"}],"curies":[{"name":"wp","href":"https:\/\/api.w.org\/{rel}","templated":true}]}}