{"id":394,"date":"2025-12-12T12:12:04","date_gmt":"2025-12-12T12:12:04","guid":{"rendered":"https:\/\/realcompanhiavelha.pt\/?page_id=394"},"modified":"2025-12-22T20:27:38","modified_gmt":"2025-12-22T20:27:38","slug":"espumante-real-companhia-velha","status":"publish","type":"page","link":"https:\/\/realcompanhiavelha.pt\/en\/espumante-real-companhia-velha\/","title":{"rendered":"Vinhos &#8211; Espumante Real Companhia Velha"},"content":{"rendered":"<div data-elementor-type=\"wp-page\" data-elementor-id=\"394\" class=\"elementor elementor-394\" data-elementor-post-type=\"page\">\n\t\t\t\t<div class=\"elementor-element elementor-element-fa43b3e e-flex e-con-boxed e-con e-parent\" data-id=\"fa43b3e\" data-element_type=\"container\">\n\t\t\t\t\t<div class=\"e-con-inner\">\n\t\t<div class=\"elementor-element elementor-element-9ee6f1e e-con-full elementor-hidden-tablet elementor-hidden-mobile e-flex e-con e-child\" data-id=\"9ee6f1e\" data-element_type=\"container\">\n\t\t<div class=\"elementor-element elementor-element-b144efa e-con-full e-flex e-con e-child\" data-id=\"b144efa\" data-element_type=\"container\" data-settings=\"{&quot;background_background&quot;:&quot;classic&quot;}\">\n\t\t\t\t<div class=\"elementor-element elementor-element-078ccc5 elementor-widget elementor-widget-heading\" data-id=\"078ccc5\" data-element_type=\"widget\" data-widget_type=\"heading.default\">\n\t\t\t\t\t<h2 class=\"elementor-heading-title elementor-size-default\">Port Wines<\/h2>\t\t\t\t<\/div>\n\t\t\t\t<\/div>\n\t\t<div class=\"elementor-element elementor-element-ef969cb e-con-full e-flex e-con e-child\" data-id=\"ef969cb\" data-element_type=\"container\">\n\t\t<div class=\"elementor-element elementor-element-29dde38 e-con-full e-flex e-con e-child\" data-id=\"29dde38\" data-element_type=\"container\" data-settings=\"{&quot;background_background&quot;:&quot;classic&quot;}\">\n\t\t\t\t<div class=\"elementor-element elementor-element-95c244a elementor-widget elementor-widget-heading\" data-id=\"95c244a\" data-element_type=\"widget\" data-widget_type=\"heading.default\">\n\t\t\t\t\t<h2 class=\"elementor-heading-title elementor-size-default\"><a href=\"https:\/\/realcompanhiavelha.pt\/en\/porto-royal-oporto\/\">Royal Oporto<\/a><\/h2>\t\t\t\t<\/div>\n\t\t\t\t<\/div>\n\t\t<div class=\"elementor-element elementor-element-4463adf e-con-full e-flex e-con e-child\" data-id=\"4463adf\" data-element_type=\"container\" data-settings=\"{&quot;background_background&quot;:&quot;classic&quot;}\">\n\t\t\t\t<div class=\"elementor-element elementor-element-20681de elementor-widget elementor-widget-heading\" data-id=\"20681de\" data-element_type=\"widget\" data-widget_type=\"heading.default\">\n\t\t\t\t\t<h2 class=\"elementor-heading-title elementor-size-default\"><a href=\"https:\/\/quintadascarvalhas.pt\/vinhos-do-porto\/\" target=\"_blank\">Quinta das Carvalhas<\/a><\/h2>\t\t\t\t<\/div>\n\t\t\t\t<\/div>\n\t\t<div class=\"elementor-element elementor-element-2ee2321 e-con-full e-flex e-con e-child\" data-id=\"2ee2321\" data-element_type=\"container\" data-settings=\"{&quot;background_background&quot;:&quot;classic&quot;}\">\n\t\t\t\t<div class=\"elementor-element elementor-element-9e49470 elementor-widget elementor-widget-heading\" data-id=\"9e49470\" data-element_type=\"widget\" data-widget_type=\"heading.default\">\n\t\t\t\t\t<h2 class=\"elementor-heading-title elementor-size-default\"><a href=\"https:\/\/www.delaforce.pt\/\" target=\"_blank\">Delaforce<\/a><\/h2>\t\t\t\t<\/div>\n\t\t\t\t<\/div>\n\t\t<div class=\"elementor-element elementor-element-565407c e-con-full e-flex e-con e-child\" data-id=\"565407c\" data-element_type=\"container\" data-settings=\"{&quot;background_background&quot;:&quot;classic&quot;}\">\n\t\t\t\t<div class=\"elementor-element elementor-element-057f219 elementor-widget elementor-widget-heading\" data-id=\"057f219\" data-element_type=\"widget\" data-widget_type=\"heading.default\">\n\t\t\t\t\t<h2 class=\"elementor-heading-title elementor-size-default\"><a href=\"https:\/\/realcompanhiavelha.pt\/en\/porto-real-companhia-velha\/\">Real Companhia Velha<\/a><\/h2>\t\t\t\t<\/div>\n\t\t\t\t<\/div>\n\t\t<div class=\"elementor-element elementor-element-214df4e e-con-full e-flex e-con e-child\" data-id=\"214df4e\" data-element_type=\"container\" data-settings=\"{&quot;background_background&quot;:&quot;classic&quot;}\">\n\t\t\t\t<div class=\"elementor-element elementor-element-0ece1c5 elementor-widget elementor-widget-heading\" data-id=\"0ece1c5\" data-element_type=\"widget\" data-widget_type=\"heading.default\">\n\t\t\t\t\t<h2 class=\"elementor-heading-title elementor-size-default\"><a href=\"https:\/\/realcompanhiavelha.pt\/en\/porto-silva-reis\/\">Silva Reis<\/a><\/h2>\t\t\t\t<\/div>\n\t\t\t\t<\/div>\n\t\t\t\t<\/div>\n\t\t<div class=\"elementor-element elementor-element-3298003 e-con-full e-flex e-con e-child\" data-id=\"3298003\" data-element_type=\"container\" data-settings=\"{&quot;background_background&quot;:&quot;classic&quot;}\">\n\t\t\t\t<div class=\"elementor-element elementor-element-2f2bf42 elementor-widget elementor-widget-heading\" data-id=\"2f2bf42\" data-element_type=\"widget\" data-widget_type=\"heading.default\">\n\t\t\t\t\t<h2 class=\"elementor-heading-title elementor-size-default\">Douro<\/h2>\t\t\t\t<\/div>\n\t\t\t\t<\/div>\n\t\t<div class=\"elementor-element elementor-element-743e3ed e-con-full e-flex e-con e-child\" data-id=\"743e3ed\" data-element_type=\"container\">\n\t\t<div class=\"elementor-element elementor-element-7d184a4 e-con-full e-flex e-con e-child\" data-id=\"7d184a4\" data-element_type=\"container\" data-settings=\"{&quot;background_background&quot;:&quot;classic&quot;}\">\n\t\t\t\t<div class=\"elementor-element elementor-element-527214b elementor-widget elementor-widget-heading\" data-id=\"527214b\" data-element_type=\"widget\" data-widget_type=\"heading.default\">\n\t\t\t\t\t<h2 class=\"elementor-heading-title elementor-size-default\"><a href=\"https:\/\/quintadascarvalhas.pt\/vinhos-do-douro\/\" target=\"_blank\">Quinta das Carvalhas<\/a><\/h2>\t\t\t\t<\/div>\n\t\t\t\t<\/div>\n\t\t<div class=\"elementor-element elementor-element-6d1ad48 e-con-full e-flex e-con e-child\" data-id=\"6d1ad48\" data-element_type=\"container\" data-settings=\"{&quot;background_background&quot;:&quot;classic&quot;}\">\n\t\t\t\t<div class=\"elementor-element elementor-element-a899db2 elementor-widget elementor-widget-heading\" data-id=\"a899db2\" data-element_type=\"widget\" data-widget_type=\"heading.default\">\n\t\t\t\t\t<h2 class=\"elementor-heading-title elementor-size-default\"><a href=\"https:\/\/realcompanhiavelha.pt\/en\/douro-quinta-de-cidro\/\">Quinta de Cidr\u00f4<\/a><\/h2>\t\t\t\t<\/div>\n\t\t\t\t<\/div>\n\t\t<div class=\"elementor-element elementor-element-73fc1f6 e-con-full e-flex e-con e-child\" data-id=\"73fc1f6\" data-element_type=\"container\" data-settings=\"{&quot;background_background&quot;:&quot;classic&quot;}\">\n\t\t\t\t<div class=\"elementor-element elementor-element-32a5a7d elementor-widget elementor-widget-heading\" data-id=\"32a5a7d\" data-element_type=\"widget\" data-widget_type=\"heading.default\">\n\t\t\t\t\t<h2 class=\"elementor-heading-title elementor-size-default\"><a href=\"https:\/\/realcompanhiavelha.pt\/en\/douro-quinta-dos-aciprestes\/\">Quinta dos Aciprestes<\/a><\/h2>\t\t\t\t<\/div>\n\t\t\t\t<\/div>\n\t\t<div class=\"elementor-element elementor-element-d9f2973 e-con-full e-flex e-con e-child\" data-id=\"d9f2973\" data-element_type=\"container\" data-settings=\"{&quot;background_background&quot;:&quot;classic&quot;}\">\n\t\t\t\t<div class=\"elementor-element elementor-element-4eb8494 elementor-widget elementor-widget-heading\" data-id=\"4eb8494\" data-element_type=\"widget\" data-widget_type=\"heading.default\">\n\t\t\t\t\t<h2 class=\"elementor-heading-title elementor-size-default\"><a href=\"https:\/\/realcompanhiavelha.pt\/en\/douro-evel\/\">Evel<\/a><\/h2>\t\t\t\t<\/div>\n\t\t\t\t<\/div>\n\t\t<div class=\"elementor-element elementor-element-e512ace e-con-full e-flex e-con e-child\" data-id=\"e512ace\" data-element_type=\"container\" data-settings=\"{&quot;background_background&quot;:&quot;classic&quot;}\">\n\t\t\t\t<div class=\"elementor-element elementor-element-a401801 elementor-widget elementor-widget-heading\" data-id=\"a401801\" data-element_type=\"widget\" data-widget_type=\"heading.default\">\n\t\t\t\t\t<h2 class=\"elementor-heading-title elementor-size-default\"><a href=\"https:\/\/realcompanhiavelha.pt\/en\/douro-porca-de-murca\/\">Porca de mur\u00e7a<\/a><\/h2>\t\t\t\t<\/div>\n\t\t\t\t<\/div>\n\t\t<div class=\"elementor-element elementor-element-bb21a3f e-con-full e-flex e-con e-child\" data-id=\"bb21a3f\" data-element_type=\"container\" data-settings=\"{&quot;background_background&quot;:&quot;classic&quot;}\">\n\t\t\t\t<div class=\"elementor-element elementor-element-4eaf92a elementor-widget elementor-widget-heading\" data-id=\"4eaf92a\" data-element_type=\"widget\" data-widget_type=\"heading.default\">\n\t\t\t\t\t<h2 class=\"elementor-heading-title elementor-size-default\"><a href=\"https:\/\/realcompanhiavelha.com\/dandy\/\" target=\"_blank\">Dandy de Cidr\u00f4<\/a><\/h2>\t\t\t\t<\/div>\n\t\t\t\t<\/div>\n\t\t<div class=\"elementor-element elementor-element-cc3ec87 e-con-full e-flex e-con e-child\" data-id=\"cc3ec87\" data-element_type=\"container\" data-settings=\"{&quot;background_background&quot;:&quot;classic&quot;}\">\n\t\t\t\t<div class=\"elementor-element elementor-element-2ce9155 elementor-widget elementor-widget-heading\" data-id=\"2ce9155\" data-element_type=\"widget\" data-widget_type=\"heading.default\">\n\t\t\t\t\t<h2 class=\"elementor-heading-title elementor-size-default\"><a href=\"https:\/\/realcompanhiavelha.pt\/en\/douro-series\/\">Series Project<\/a><\/h2>\t\t\t\t<\/div>\n\t\t\t\t<\/div>\n\t\t<div class=\"elementor-element elementor-element-7ed5d13 e-con-full e-flex e-con e-child\" data-id=\"7ed5d13\" data-element_type=\"container\" data-settings=\"{&quot;background_background&quot;:&quot;classic&quot;}\">\n\t\t\t\t<div class=\"elementor-element elementor-element-95b9bd8 elementor-widget elementor-widget-heading\" data-id=\"95b9bd8\" data-element_type=\"widget\" data-widget_type=\"heading.default\">\n\t\t\t\t\t<h2 class=\"elementor-heading-title elementor-size-default\"><a href=\"https:\/\/realcompanhiavelha.pt\/en\/douro-grandjo\/\">Grandj\u00f3<\/a><\/h2>\t\t\t\t<\/div>\n\t\t\t\t<\/div>\n\t\t\t\t<\/div>\n\t\t<div class=\"elementor-element elementor-element-e09c4a1 e-con-full e-flex e-con e-child\" data-id=\"e09c4a1\" data-element_type=\"container\" data-settings=\"{&quot;background_background&quot;:&quot;classic&quot;}\">\n\t\t\t\t<div class=\"elementor-element elementor-element-e4e74b2 elementor-widget elementor-widget-heading\" data-id=\"e4e74b2\" data-element_type=\"widget\" data-widget_type=\"heading.default\">\n\t\t\t\t\t<h2 class=\"elementor-heading-title elementor-size-default\">Sparkling wine<\/h2>\t\t\t\t<\/div>\n\t\t\t\t<\/div>\n\t\t<div class=\"elementor-element elementor-element-a680f34 e-con-full e-flex e-con e-child\" data-id=\"a680f34\" data-element_type=\"container\">\n\t\t<div class=\"elementor-element elementor-element-79b86e7 e-con-full e-flex e-con e-child\" data-id=\"79b86e7\" data-element_type=\"container\" data-settings=\"{&quot;background_background&quot;:&quot;classic&quot;}\">\n\t\t\t\t<div class=\"elementor-element elementor-element-d4c0d41 elementor-widget elementor-widget-heading\" data-id=\"d4c0d41\" data-element_type=\"widget\" data-widget_type=\"heading.default\">\n\t\t\t\t\t<h2 class=\"elementor-heading-title elementor-size-default\"><a href=\"https:\/\/realcompanhiavelha.pt\/en\/espumante-real-companhia-velha\/\">Real companhia velha<\/a><\/h2>\t\t\t\t<\/div>\n\t\t\t\t<\/div>\n\t\t\t\t<\/div>\n\t\t<div class=\"elementor-element elementor-element-6fb81d8 e-con-full e-flex e-con e-child\" data-id=\"6fb81d8\" data-element_type=\"container\" data-settings=\"{&quot;background_background&quot;:&quot;classic&quot;}\">\n\t\t\t\t<div class=\"elementor-element elementor-element-26ef8d3 elementor-widget elementor-widget-heading\" data-id=\"26ef8d3\" data-element_type=\"widget\" data-widget_type=\"heading.default\">\n\t\t\t\t\t<h2 class=\"elementor-heading-title elementor-size-default\">Moscatel<\/h2>\t\t\t\t<\/div>\n\t\t\t\t<\/div>\n\t\t<div class=\"elementor-element elementor-element-3c7c2ae e-con-full e-flex e-con e-child\" data-id=\"3c7c2ae\" data-element_type=\"container\">\n\t\t<div class=\"elementor-element elementor-element-f5b7cdd e-con-full e-flex e-con e-child\" data-id=\"f5b7cdd\" data-element_type=\"container\" data-settings=\"{&quot;background_background&quot;:&quot;classic&quot;}\">\n\t\t\t\t<div class=\"elementor-element elementor-element-abb978c elementor-widget elementor-widget-heading\" data-id=\"abb978c\" data-element_type=\"widget\" data-widget_type=\"heading.default\">\n\t\t\t\t\t<h2 class=\"elementor-heading-title elementor-size-default\"><a href=\"https:\/\/realcompanhiavelha.pt\/en\/moscatel-real-companhia-velha\/\">Real companhia velha<\/a><\/h2>\t\t\t\t<\/div>\n\t\t\t\t<\/div>\n\t\t\t\t<\/div>\n\t\t\t\t<\/div>\n\t\t<div class=\"elementor-element elementor-element-18dea48 e-con-full e-flex elementor-invisible e-con e-child\" data-id=\"18dea48\" data-element_type=\"container\" data-settings=\"{&quot;animation&quot;:&quot;fadeIn&quot;}\">\n\t\t<div class=\"elementor-element elementor-element-5a826bd e-con-full e-flex e-con e-child\" data-id=\"5a826bd\" data-element_type=\"container\" data-settings=\"{&quot;background_background&quot;:&quot;classic&quot;}\">\n\t\t\t\t<div class=\"elementor-element elementor-element-5155ea2 elementor-widget elementor-widget-image\" data-id=\"5155ea2\" data-element_type=\"widget\" data-widget_type=\"image.default\">\n\t\t\t\t\t\t\t\t\t\t\t\t\t\t\t<img decoding=\"async\" width=\"341\" height=\"134\" src=\"https:\/\/realcompanhiavelha.pt\/wp-content\/uploads\/2025\/12\/logo-vinhos-real-companhia.svg\" class=\"attachment-full size-full wp-image-1594\" alt=\"logo-vinhos-real-companhia\" \/>\t\t\t\t\t\t\t\t\t\t\t\t\t\t\t<\/div>\n\t\t\t\t<\/div>\n\t\t\t\t<div class=\"elementor-element elementor-element-d2ae11b elementor-widget elementor-widget-heading\" data-id=\"d2ae11b\" data-element_type=\"widget\" data-widget_type=\"heading.default\">\n\t\t\t\t\t<h1 class=\"elementor-heading-title elementor-size-default\">espumante - Real Companhia Velha<\/h1>\t\t\t\t<\/div>\n\t\t<div class=\"elementor-element elementor-element-f8e7bef e-con-full e-flex e-con e-child\" data-id=\"f8e7bef\" data-element_type=\"container\">\n\t\t\t\t<div class=\"elementor-element elementor-element-a6488b1 elementor-widget elementor-widget-text-editor\" data-id=\"a6488b1\" data-element_type=\"widget\" data-widget_type=\"text-editor.default\">\n\t\t\t\t\t\t\t\t\t<p>The ambition to produce a top quality sparkling wine, with a traditional Champagne blend, is one of the greatest challenges set by our winemaking team.<\/p>\t\t\t\t\t\t\t\t<\/div>\n\t\t\t\t<div class=\"elementor-element elementor-element-555c9a1 elementor-widget elementor-widget-text-editor\" data-id=\"555c9a1\" data-element_type=\"widget\" data-widget_type=\"text-editor.default\">\n\t\t\t\t\t\t\t\t\t<p>It is not the first time we are producing sparkling wines at Real Companhia Velha, however, it is the first, in a premium category, produced from Pinot Noir &amp; Chardonnay. We have had these infamos varieties planted at Quinta de Cidr\u00f4 and Quinta do Casal da Granja for many years, resulting in a profound knowledge and experience in their vinification, and therefore having achieved a high level of success in this first approach. Every stage in the vineyard selection, winemaking and cellar ageing is itself, a quest for perfection.<br \/>The first sparking wines of the new generation made at our winery surprised us for its aromatic finesse, its fine perlage, its notes of brioche and its astonishing freshness in a aggregate of great intensity and elegance.<\/p>\t\t\t\t\t\t\t\t<\/div>\n\t\t\t\t<\/div>\n\t\t<div class=\"elementor-element elementor-element-b042b03 e-con-full e-flex e-con e-child\" data-id=\"b042b03\" data-element_type=\"container\">\n\t\t<a class=\"elementor-element elementor-element-1caa5fd e-con-full card-vinho e-flex e-con e-child\" data-id=\"1caa5fd\" data-element_type=\"container\" href=\"https:\/\/realcompanhiavelha.pt\/en\/espumante-real-companhia-velha-espumante-bruto\/\">\n\t\t<div class=\"elementor-element elementor-element-249bc91 e-con-full e-flex e-con e-child\" data-id=\"249bc91\" data-element_type=\"container\">\n\t\t\t\t<div class=\"elementor-element elementor-element-97eecd5 garrafa elementor-widget elementor-widget-image\" data-id=\"97eecd5\" data-element_type=\"widget\" data-widget_type=\"image.default\">\n\t\t\t\t\t\t\t\t\t\t\t\t\t\t\t<img fetchpriority=\"high\" decoding=\"async\" width=\"220\" height=\"678\" src=\"https:\/\/realcompanhiavelha.pt\/wp-content\/uploads\/2025\/12\/espumante-bruto.webp\" class=\"attachment-full size-full wp-image-1817\" alt=\"vinho espumante-bruto\" srcset=\"https:\/\/realcompanhiavelha.pt\/wp-content\/uploads\/2025\/12\/espumante-bruto.webp 220w, https:\/\/realcompanhiavelha.pt\/wp-content\/uploads\/2025\/12\/espumante-bruto-97x300.webp 97w\" sizes=\"(max-width: 220px) 100vw, 220px\" \/>\t\t\t\t\t\t\t\t\t\t\t\t\t\t\t<\/div>\n\t\t\t\t<\/div>\n\t\t<div class=\"elementor-element elementor-element-0e1dc77 e-con-full e-flex e-con e-child\" data-id=\"0e1dc77\" data-element_type=\"container\">\n\t\t\t\t<div class=\"elementor-element elementor-element-fbaf14c elementor-widget elementor-widget-heading\" data-id=\"fbaf14c\" data-element_type=\"widget\" data-widget_type=\"heading.default\">\n\t\t\t\t\t<h2 class=\"elementor-heading-title elementor-size-default\">real companhia velha<\/h2>\t\t\t\t<\/div>\n\t\t\t\t<div class=\"elementor-element elementor-element-775ad50 wine-name elementor-widget elementor-widget-heading\" data-id=\"775ad50\" data-element_type=\"widget\" data-widget_type=\"heading.default\">\n\t\t\t\t\t<h2 class=\"elementor-heading-title elementor-size-default\">Espumante<br>Bruto<\/h2>\t\t\t\t<\/div>\n\t\t\t\t<\/div>\n\t\t\t\t<\/a>\n\t\t<a class=\"elementor-element elementor-element-9bbac8e e-con-full card-vinho e-flex e-con e-child\" data-id=\"9bbac8e\" data-element_type=\"container\" href=\"https:\/\/realcompanhiavelha.pt\/en\/espumante-real-companhia-velha-espumante-rose-bruto\/\">\n\t\t<div class=\"elementor-element elementor-element-a90bf55 e-con-full e-flex e-con e-child\" data-id=\"a90bf55\" data-element_type=\"container\">\n\t\t\t\t<div class=\"elementor-element elementor-element-d028c7c garrafa elementor-widget elementor-widget-image\" data-id=\"d028c7c\" data-element_type=\"widget\" data-widget_type=\"image.default\">\n\t\t\t\t\t\t\t\t\t\t\t\t\t\t\t<img decoding=\"async\" width=\"220\" height=\"678\" src=\"https:\/\/realcompanhiavelha.pt\/wp-content\/uploads\/2025\/12\/espumante-rose-bruto.webp\" class=\"attachment-full size-full wp-image-1821\" alt=\"vinho espumante-rose-bruto\" srcset=\"https:\/\/realcompanhiavelha.pt\/wp-content\/uploads\/2025\/12\/espumante-rose-bruto.webp 220w, https:\/\/realcompanhiavelha.pt\/wp-content\/uploads\/2025\/12\/espumante-rose-bruto-97x300.webp 97w\" sizes=\"(max-width: 220px) 100vw, 220px\" \/>\t\t\t\t\t\t\t\t\t\t\t\t\t\t\t<\/div>\n\t\t\t\t<\/div>\n\t\t<div class=\"elementor-element elementor-element-e677a93 e-con-full e-flex e-con e-child\" data-id=\"e677a93\" data-element_type=\"container\">\n\t\t\t\t<div class=\"elementor-element elementor-element-e5df3fa elementor-widget elementor-widget-heading\" data-id=\"e5df3fa\" data-element_type=\"widget\" data-widget_type=\"heading.default\">\n\t\t\t\t\t<h2 class=\"elementor-heading-title elementor-size-default\">real companhia velha<\/h2>\t\t\t\t<\/div>\n\t\t\t\t<div class=\"elementor-element elementor-element-709e00e wine-name elementor-widget elementor-widget-heading\" data-id=\"709e00e\" data-element_type=\"widget\" data-widget_type=\"heading.default\">\n\t\t\t\t\t<h2 class=\"elementor-heading-title elementor-size-default\">espumante<br>ros\u00e9 bruto<\/h2>\t\t\t\t<\/div>\n\t\t\t\t<\/div>\n\t\t\t\t<\/a>\n\t\t<a class=\"elementor-element elementor-element-9d18b1a e-con-full card-vinho e-flex e-con e-child\" data-id=\"9d18b1a\" data-element_type=\"container\" href=\"https:\/\/realcompanhiavelha.pt\/en\/espumante-real-companhia-velha-espumante-grande-reserva\/\">\n\t\t<div class=\"elementor-element elementor-element-def5e53 e-con-full e-flex e-con e-child\" data-id=\"def5e53\" data-element_type=\"container\">\n\t\t\t\t<div class=\"elementor-element elementor-element-8750498 garrafa elementor-widget elementor-widget-image\" data-id=\"8750498\" data-element_type=\"widget\" data-widget_type=\"image.default\">\n\t\t\t\t\t\t\t\t\t\t\t\t\t\t\t<img loading=\"lazy\" decoding=\"async\" width=\"220\" height=\"678\" src=\"https:\/\/realcompanhiavelha.pt\/wp-content\/uploads\/2025\/12\/Espumante_grande_reserva_Grd.webp\" class=\"attachment-full size-full wp-image-1822\" alt=\"vinho Espumante_grande_reserva_Grd\" srcset=\"https:\/\/realcompanhiavelha.pt\/wp-content\/uploads\/2025\/12\/Espumante_grande_reserva_Grd.webp 220w, https:\/\/realcompanhiavelha.pt\/wp-content\/uploads\/2025\/12\/Espumante_grande_reserva_Grd-97x300.webp 97w\" sizes=\"(max-width: 220px) 100vw, 220px\" \/>\t\t\t\t\t\t\t\t\t\t\t\t\t\t\t<\/div>\n\t\t\t\t<\/div>\n\t\t<div class=\"elementor-element elementor-element-83ee41b e-con-full e-flex e-con e-child\" data-id=\"83ee41b\" data-element_type=\"container\">\n\t\t\t\t<div class=\"elementor-element elementor-element-ea89afd elementor-widget elementor-widget-heading\" data-id=\"ea89afd\" data-element_type=\"widget\" data-widget_type=\"heading.default\">\n\t\t\t\t\t<h2 class=\"elementor-heading-title elementor-size-default\">real companhia velha<\/h2>\t\t\t\t<\/div>\n\t\t\t\t<div class=\"elementor-element elementor-element-e5aaf31 wine-name elementor-widget elementor-widget-heading\" data-id=\"e5aaf31\" data-element_type=\"widget\" data-widget_type=\"heading.default\">\n\t\t\t\t\t<h2 class=\"elementor-heading-title elementor-size-default\">espumante Grande reserva<\/h2>\t\t\t\t<\/div>\n\t\t\t\t<\/div>\n\t\t\t\t<\/a>\n\t\t<a class=\"elementor-element elementor-element-786917c e-con-full card-vinho e-flex e-con e-child\" data-id=\"786917c\" data-element_type=\"container\" href=\"https:\/\/realcompanhiavelha.pt\/en\/espumante-real-companhia-velha-espumante-blanc-de-blancs\/\">\n\t\t<div class=\"elementor-element elementor-element-f68fcea e-con-full e-flex e-con e-child\" data-id=\"f68fcea\" data-element_type=\"container\">\n\t\t\t\t<div class=\"elementor-element elementor-element-6ec19bc garrafa elementor-widget elementor-widget-image\" data-id=\"6ec19bc\" data-element_type=\"widget\" data-widget_type=\"image.default\">\n\t\t\t\t\t\t\t\t\t\t\t\t\t\t\t<img loading=\"lazy\" decoding=\"async\" width=\"220\" height=\"678\" src=\"https:\/\/realcompanhiavelha.pt\/wp-content\/uploads\/2025\/12\/Espumante_Blanc_de_Blancs_Grd.webp\" class=\"attachment-full size-full wp-image-1823\" alt=\"vinho Espumante_Blanc_de_Blancs_Grd\" srcset=\"https:\/\/realcompanhiavelha.pt\/wp-content\/uploads\/2025\/12\/Espumante_Blanc_de_Blancs_Grd.webp 220w, https:\/\/realcompanhiavelha.pt\/wp-content\/uploads\/2025\/12\/Espumante_Blanc_de_Blancs_Grd-97x300.webp 97w\" sizes=\"(max-width: 220px) 100vw, 220px\" \/>\t\t\t\t\t\t\t\t\t\t\t\t\t\t\t<\/div>\n\t\t\t\t<\/div>\n\t\t<div class=\"elementor-element elementor-element-fb90ecc e-con-full e-flex e-con e-child\" data-id=\"fb90ecc\" data-element_type=\"container\">\n\t\t\t\t<div class=\"elementor-element elementor-element-991a341 elementor-widget elementor-widget-heading\" data-id=\"991a341\" data-element_type=\"widget\" data-widget_type=\"heading.default\">\n\t\t\t\t\t<h2 class=\"elementor-heading-title elementor-size-default\">real companhia velha<\/h2>\t\t\t\t<\/div>\n\t\t\t\t<div class=\"elementor-element elementor-element-76247c2 wine-name elementor-widget elementor-widget-heading\" data-id=\"76247c2\" data-element_type=\"widget\" data-widget_type=\"heading.default\">\n\t\t\t\t\t<h2 class=\"elementor-heading-title elementor-size-default\">espumante<br>Blanc de Blancs<\/h2>\t\t\t\t<\/div>\n\t\t\t\t<\/div>\n\t\t\t\t<\/a>\n\t\t\t\t<\/div>\n\t\t\t\t<\/div>\n\t\t\t\t\t<\/div>\n\t\t\t\t<\/div>\n\t\t\t\t<\/div>","protected":false},"excerpt":{"rendered":"<p>Vinhos do Porto Royal Oporto Quinta das Carvalhas Delaforce Real Companhia Velha Silva Reis Douro Quinta das Carvalhas Quinta de Cidr\u00f4 Quinta dos Aciprestes Evel Porca de mur\u00e7a Dandy de Cidr\u00f4 Projeto s\u00e9ries Grandj\u00f3 Espumantes Real companhia velha Moscatel Real companhia velha espumante &#8211; Real Companhia Velha A ambi\u00e7\u00e3o de produzir Espumantes de grande qualidade [&hellip;]<\/p>","protected":false},"author":1,"featured_media":0,"parent":0,"menu_order":0,"comment_status":"closed","ping_status":"closed","template":"elementor_header_footer","meta":{"footnotes":""},"class_list":["post-394","page","type-page","status-publish","hentry"],"_links":{"self":[{"href":"https:\/\/realcompanhiavelha.pt\/en\/wp-json\/wp\/v2\/pages\/394","targetHints":{"allow":["GET"]}}],"collection":[{"href":"https:\/\/realcompanhiavelha.pt\/en\/wp-json\/wp\/v2\/pages"}],"about":[{"href":"https:\/\/realcompanhiavelha.pt\/en\/wp-json\/wp\/v2\/types\/page"}],"author":[{"embeddable":true,"href":"https:\/\/realcompanhiavelha.pt\/en\/wp-json\/wp\/v2\/users\/1"}],"replies":[{"embeddable":true,"href":"https:\/\/realcompanhiavelha.pt\/en\/wp-json\/wp\/v2\/comments?post=394"}],"version-history":[{"count":21,"href":"https:\/\/realcompanhiavelha.pt\/en\/wp-json\/wp\/v2\/pages\/394\/revisions"}],"predecessor-version":[{"id":2686,"href":"https:\/\/realcompanhiavelha.pt\/en\/wp-json\/wp\/v2\/pages\/394\/revisions\/2686"}],"wp:attachment":[{"href":"https:\/\/realcompanhiavelha.pt\/en\/wp-json\/wp\/v2\/media?parent=394"}],"curies":[{"name":"wp","href":"https:\/\/api.w.org\/{rel}","templated":true}]}}